{"id":7728,"date":"2024-02-05T03:54:43","date_gmt":"2024-02-05T02:54:43","guid":{"rendered":"https:\/\/aboubusinesscompany.com\/?product=uno-flip"},"modified":"2026-04-03T01:52:23","modified_gmt":"2026-04-02T23:52:23","slug":"uno-flip","status":"publish","type":"product","link":"https:\/\/aboubusinesscompany.com\/?product=uno-flip","title":{"rendered":"UNO FLIP"},"content":{"rendered":"<p><span style=\"font-family:Roboto,Arial,Helvetica,Tahoma,sans-serif;font-size:13px;font-style:normal;font-weight:400;letter-spacing:normal;text-transform:none;float:none;text-align:left\">UNO FLIP est une nouvelle version d\u00e9lirante du traditionnel jeu de cartes ; Faites preuve d\u2019encore plus de strat\u00e9gie pour utiliser \u00e0 votre avantage les cartes recto verso et la nouvelle carte Retourner ; Lorsqu\u2019un joueur pose la carte Action Retourner, il retourne toutes les cartes, m\u00eame celles de la pioche, pour r\u00e9v\u00e9ler de nouveaux chiffres et de nouvelles couleurs au verso ; UNO FLIP inclut aussi de nouvelles cartes Action \u00e9tonnantes, comme le +5 et la carte Tout Le Monde Passe Son Tour ; Quand il ne vous reste plus qu\u2019une carte, n\u2019oubliez pas de crier \u00ab UNO \u00bb ; Comprend 112 cartes ainsi que la r\u00e8gle du jeu ; Id\u00e9al pour jouer en famille, \u00e0 partir de 7 ans; Garantie : 2 ans<\/span><\/p>\n","protected":false},"excerpt":{"rendered":"<p>UNO FLIP est une nouvelle version d\u00e9lirante du traditionnel jeu de cartes ; Faites preuve d\u2019encore plus de strat\u00e9gie pour utiliser \u00e0 votre avantage les cartes recto verso et la nouvelle carte Retourner ; Lorsqu\u2019un joueur pose la carte Action Retourner, il retourne toutes les cartes, m\u00eame celles de la pioche, pour r\u00e9v\u00e9ler de nouveaux &hellip; <br \/><a href=\"https:\/\/aboubusinesscompany.com\/?product=uno-flip\" class=\"more-link\">Continue reading <span class=\"screen-reader-text\">UNO FLIP<\/span><\/a><\/p>\n","protected":false},"featured_media":7727,"comment_status":"open","ping_status":"closed","template":"","meta":[],"product_brand":[],"product_cat":[297],"product_tag":[],"class_list":{"0":"post-7728","1":"product","2":"type-product","3":"status-publish","4":"has-post-thumbnail","6":"product_cat-divers","8":"first","9":"instock","10":"sale","11":"shipping-taxable","12":"purchasable","13":"product-type-simple"},"jetpack_sharing_enabled":true,"_links":{"self":[{"href":"https:\/\/aboubusinesscompany.com\/index.php?rest_route=\/wp\/v2\/product\/7728","targetHints":{"allow":["GET"]}}],"collection":[{"href":"https:\/\/aboubusinesscompany.com\/index.php?rest_route=\/wp\/v2\/product"}],"about":[{"href":"https:\/\/aboubusinesscompany.com\/index.php?rest_route=\/wp\/v2\/types\/product"}],"replies":[{"embeddable":true,"href":"https:\/\/aboubusinesscompany.com\/index.php?rest_route=%2Fwp%2Fv2%2Fcomments&post=7728"}],"version-history":[{"count":1,"href":"https:\/\/aboubusinesscompany.com\/index.php?rest_route=\/wp\/v2\/product\/7728\/revisions"}],"predecessor-version":[{"id":8315,"href":"https:\/\/aboubusinesscompany.com\/index.php?rest_route=\/wp\/v2\/product\/7728\/revisions\/8315"}],"wp:featuredmedia":[{"embeddable":true,"href":"https:\/\/aboubusinesscompany.com\/index.php?rest_route=\/wp\/v2\/media\/7727"}],"wp:attachment":[{"href":"https:\/\/aboubusinesscompany.com\/index.php?rest_route=%2Fwp%2Fv2%2Fmedia&parent=7728"}],"wp:term":[{"taxonomy":"product_brand","embeddable":true,"href":"https:\/\/aboubusinesscompany.com\/index.php?rest_route=%2Fwp%2Fv2%2Fproduct_brand&post=7728"},{"taxonomy":"product_cat","embeddable":true,"href":"https:\/\/aboubusinesscompany.com\/index.php?rest_route=%2Fwp%2Fv2%2Fproduct_cat&post=7728"},{"taxonomy":"product_tag","embeddable":true,"href":"https:\/\/aboubusinesscompany.com\/index.php?rest_route=%2Fwp%2Fv2%2Fproduct_tag&post=7728"}],"curies":[{"name":"wp","href":"https:\/\/api.w.org\/{rel}","templated":true}]}}