{"id":7734,"date":"2024-02-05T03:59:55","date_gmt":"2024-02-05T02:59:55","guid":{"rendered":"https:\/\/aboubusinesscompany.com\/?product=uno-en-boite-metal"},"modified":"2026-03-12T03:29:02","modified_gmt":"2026-03-12T02:29:02","slug":"uno-en-boite-metal","status":"publish","type":"product","link":"https:\/\/aboubusinesscompany.com\/?product=uno-en-boite-metal","title":{"rendered":"UNO EN BO\u00ceTE METAL"},"content":{"rendered":"<p>Le jeu de cartes que tout le monde adore, dans une bo\u00eete en m\u00e9tal robuste et r\u00e9utilisable ! Et le contenu de la bo\u00eete est 100 % recyclable. V\u00e9ritable star de vos soir\u00e9es avec enfants, adolescents et\/ou adultes, le jeu de cartes UNO peut r\u00e9unir entre 2 et 10 joueurs au sein d&rsquo;une m\u00eame partie !<\/p>\n","protected":false},"excerpt":{"rendered":"<p>Le jeu de cartes que tout le monde adore, dans une bo\u00eete en m\u00e9tal robuste et r\u00e9utilisable ! Et le contenu de la bo\u00eete est 100 % recyclable. V\u00e9ritable star de vos soir\u00e9es avec enfants, adolescents et\/ou adultes, le jeu de cartes UNO peut r\u00e9unir entre 2 et 10 joueurs au sein d&rsquo;une m\u00eame partie &hellip; <br \/><a href=\"https:\/\/aboubusinesscompany.com\/?product=uno-en-boite-metal\" class=\"more-link\">Continue reading <span class=\"screen-reader-text\">UNO EN BO\u00ceTE METAL<\/span><\/a><\/p>\n","protected":false},"featured_media":7733,"comment_status":"open","ping_status":"closed","template":"","meta":[],"product_brand":[],"product_cat":[297],"product_tag":[],"class_list":{"0":"post-7734","1":"product","2":"type-product","3":"status-publish","4":"has-post-thumbnail","6":"product_cat-divers","8":"first","9":"instock","10":"sale","11":"shipping-taxable","12":"purchasable","13":"product-type-simple"},"jetpack_sharing_enabled":true,"_links":{"self":[{"href":"https:\/\/aboubusinesscompany.com\/index.php?rest_route=\/wp\/v2\/product\/7734","targetHints":{"allow":["GET"]}}],"collection":[{"href":"https:\/\/aboubusinesscompany.com\/index.php?rest_route=\/wp\/v2\/product"}],"about":[{"href":"https:\/\/aboubusinesscompany.com\/index.php?rest_route=\/wp\/v2\/types\/product"}],"replies":[{"embeddable":true,"href":"https:\/\/aboubusinesscompany.com\/index.php?rest_route=%2Fwp%2Fv2%2Fcomments&post=7734"}],"version-history":[{"count":1,"href":"https:\/\/aboubusinesscompany.com\/index.php?rest_route=\/wp\/v2\/product\/7734\/revisions"}],"predecessor-version":[{"id":8015,"href":"https:\/\/aboubusinesscompany.com\/index.php?rest_route=\/wp\/v2\/product\/7734\/revisions\/8015"}],"wp:featuredmedia":[{"embeddable":true,"href":"https:\/\/aboubusinesscompany.com\/index.php?rest_route=\/wp\/v2\/media\/7733"}],"wp:attachment":[{"href":"https:\/\/aboubusinesscompany.com\/index.php?rest_route=%2Fwp%2Fv2%2Fmedia&parent=7734"}],"wp:term":[{"taxonomy":"product_brand","embeddable":true,"href":"https:\/\/aboubusinesscompany.com\/index.php?rest_route=%2Fwp%2Fv2%2Fproduct_brand&post=7734"},{"taxonomy":"product_cat","embeddable":true,"href":"https:\/\/aboubusinesscompany.com\/index.php?rest_route=%2Fwp%2Fv2%2Fproduct_cat&post=7734"},{"taxonomy":"product_tag","embeddable":true,"href":"https:\/\/aboubusinesscompany.com\/index.php?rest_route=%2Fwp%2Fv2%2Fproduct_tag&post=7734"}],"curies":[{"name":"wp","href":"https:\/\/api.w.org\/{rel}","templated":true}]}}