{"id":7738,"date":"2024-02-05T04:05:16","date_gmt":"2024-02-05T03:05:16","guid":{"rendered":"https:\/\/aboubusinesscompany.com\/?product=etui-carte-uno-ou-chargeur"},"modified":"2025-01-12T17:45:17","modified_gmt":"2025-01-12T16:45:17","slug":"etui-carte-uno-ou-chargeur","status":"publish","type":"product","link":"https:\/\/aboubusinesscompany.com\/?product=etui-carte-uno-ou-chargeur","title":{"rendered":"\u00c9tui Carte Uno ou Chargeur"},"content":{"rendered":"<p>klein UNO I Etui Pratique Jouer, pour Le Voyage I Prot\u00e8ge Les Cartes de l&rsquo;humidit\u00e9 et de la poussi\u00e8re I Dimensions : 11 cm x 3,5 cm x 15,5 cm I Jouet pour Enfants \u00e0 partir de 3 Ans, 5901, Rouge<\/p>\n","protected":false},"excerpt":{"rendered":"<p>klein UNO I Etui Pratique Jouer, pour Le Voyage I Prot\u00e8ge Les Cartes de l&rsquo;humidit\u00e9 et de la poussi\u00e8re I Dimensions : 11 cm x 3,5 cm x 15,5 cm I Jouet pour Enfants \u00e0 partir de 3 Ans, 5901, Rouge<\/p>\n","protected":false},"featured_media":7735,"comment_status":"open","ping_status":"closed","template":"","meta":[],"product_brand":[],"product_cat":[15],"product_tag":[],"class_list":{"0":"post-7738","1":"product","2":"type-product","3":"status-publish","4":"has-post-thumbnail","6":"product_cat-non-classe","8":"first","9":"onbackorder","10":"sale","11":"shipping-taxable","12":"purchasable","13":"product-type-simple"},"jetpack_sharing_enabled":true,"_links":{"self":[{"href":"https:\/\/aboubusinesscompany.com\/index.php?rest_route=\/wp\/v2\/product\/7738","targetHints":{"allow":["GET"]}}],"collection":[{"href":"https:\/\/aboubusinesscompany.com\/index.php?rest_route=\/wp\/v2\/product"}],"about":[{"href":"https:\/\/aboubusinesscompany.com\/index.php?rest_route=\/wp\/v2\/types\/product"}],"replies":[{"embeddable":true,"href":"https:\/\/aboubusinesscompany.com\/index.php?rest_route=%2Fwp%2Fv2%2Fcomments&post=7738"}],"version-history":[{"count":0,"href":"https:\/\/aboubusinesscompany.com\/index.php?rest_route=\/wp\/v2\/product\/7738\/revisions"}],"wp:featuredmedia":[{"embeddable":true,"href":"https:\/\/aboubusinesscompany.com\/index.php?rest_route=\/wp\/v2\/media\/7735"}],"wp:attachment":[{"href":"https:\/\/aboubusinesscompany.com\/index.php?rest_route=%2Fwp%2Fv2%2Fmedia&parent=7738"}],"wp:term":[{"taxonomy":"product_brand","embeddable":true,"href":"https:\/\/aboubusinesscompany.com\/index.php?rest_route=%2Fwp%2Fv2%2Fproduct_brand&post=7738"},{"taxonomy":"product_cat","embeddable":true,"href":"https:\/\/aboubusinesscompany.com\/index.php?rest_route=%2Fwp%2Fv2%2Fproduct_cat&post=7738"},{"taxonomy":"product_tag","embeddable":true,"href":"https:\/\/aboubusinesscompany.com\/index.php?rest_route=%2Fwp%2Fv2%2Fproduct_tag&post=7738"}],"curies":[{"name":"wp","href":"https:\/\/api.w.org\/{rel}","templated":true}]}}