{"id":7796,"date":"2024-02-06T21:18:14","date_gmt":"2024-02-06T20:18:14","guid":{"rendered":"https:\/\/aboubusinesscompany.com\/?product=biscuits-fourres-noisettes-et-cacao-nutella22-biscuits-304g"},"modified":"2026-01-29T01:46:16","modified_gmt":"2026-01-29T00:46:16","slug":"biscuits-fourres-noisettes-et-cacao-nutella22-biscuits-304g","status":"publish","type":"product","link":"https:\/\/aboubusinesscompany.com\/?product=biscuits-fourres-noisettes-et-cacao-nutella22-biscuits-304g","title":{"rendered":"Biscuits Fourr\u00e9s Noisettes et Cacao NUTELLA\n22 biscuits &#8211; 304g"},"content":{"rendered":"<p>Nutella Biscuits, de d\u00e9licieux biscuits croquants au c\u0153ur onctueux de Nutella\u00ae<\/p>\n<p><strong>Ingr\u00e9dients et allerg\u00e8nes<\/strong><\/p>\n<p>P\u00e2te \u00e0 tartiner aux NOISETTES et au cacao 40% (sucre, huile de palme, NOISETTES 13%, LAIT \u00e9cr\u00e9m\u00e9 en poudre 8,7%, cacao maigre 7,4%, \u00e9mulsifiants : l\u00e9cithines SOJA ; Vanilline), farine de FROMENT 32%, graisses v\u00e9g\u00e9tales (palme, palmiste), sucre de canne 8,5%, LACTOSE, son de BLE, LAIT en poudre, extrait en poudre de malt d&rsquo;ORGE et de ma\u00efs, miel, poudres \u00e0 lever (diphosphate disodique, \u2026<\/p>\n","protected":false},"excerpt":{"rendered":"<p>Nutella Biscuits, de d\u00e9licieux biscuits croquants au c\u0153ur onctueux de Nutella\u00ae Ingr\u00e9dients et allerg\u00e8nes P\u00e2te \u00e0 tartiner aux NOISETTES et au cacao 40% (sucre, huile de palme, NOISETTES 13%, LAIT \u00e9cr\u00e9m\u00e9 en poudre 8,7%, cacao maigre 7,4%, \u00e9mulsifiants : l\u00e9cithines SOJA ; Vanilline), farine de FROMENT 32%, graisses v\u00e9g\u00e9tales (palme, palmiste), sucre de canne 8,5%, &hellip; <br \/><a href=\"https:\/\/aboubusinesscompany.com\/?product=biscuits-fourres-noisettes-et-cacao-nutella22-biscuits-304g\" class=\"more-link\">Continue reading <span class=\"screen-reader-text\">Biscuits Fourr\u00e9s Noisettes et Cacao NUTELLA<br \/>\n22 biscuits &#8211; 304g<\/span><\/a><\/p>\n","protected":false},"featured_media":7794,"comment_status":"open","ping_status":"closed","template":"","meta":[],"product_brand":[],"product_cat":[292],"product_tag":[],"class_list":{"0":"post-7796","1":"product","2":"type-product","3":"status-publish","4":"has-post-thumbnail","6":"product_cat-agro-alimentaire","8":"first","9":"instock","10":"sale","11":"shipping-taxable","12":"purchasable","13":"product-type-simple"},"jetpack_sharing_enabled":true,"_links":{"self":[{"href":"https:\/\/aboubusinesscompany.com\/index.php?rest_route=\/wp\/v2\/product\/7796","targetHints":{"allow":["GET"]}}],"collection":[{"href":"https:\/\/aboubusinesscompany.com\/index.php?rest_route=\/wp\/v2\/product"}],"about":[{"href":"https:\/\/aboubusinesscompany.com\/index.php?rest_route=\/wp\/v2\/types\/product"}],"replies":[{"embeddable":true,"href":"https:\/\/aboubusinesscompany.com\/index.php?rest_route=%2Fwp%2Fv2%2Fcomments&post=7796"}],"version-history":[{"count":1,"href":"https:\/\/aboubusinesscompany.com\/index.php?rest_route=\/wp\/v2\/product\/7796\/revisions"}],"predecessor-version":[{"id":8186,"href":"https:\/\/aboubusinesscompany.com\/index.php?rest_route=\/wp\/v2\/product\/7796\/revisions\/8186"}],"wp:featuredmedia":[{"embeddable":true,"href":"https:\/\/aboubusinesscompany.com\/index.php?rest_route=\/wp\/v2\/media\/7794"}],"wp:attachment":[{"href":"https:\/\/aboubusinesscompany.com\/index.php?rest_route=%2Fwp%2Fv2%2Fmedia&parent=7796"}],"wp:term":[{"taxonomy":"product_brand","embeddable":true,"href":"https:\/\/aboubusinesscompany.com\/index.php?rest_route=%2Fwp%2Fv2%2Fproduct_brand&post=7796"},{"taxonomy":"product_cat","embeddable":true,"href":"https:\/\/aboubusinesscompany.com\/index.php?rest_route=%2Fwp%2Fv2%2Fproduct_cat&post=7796"},{"taxonomy":"product_tag","embeddable":true,"href":"https:\/\/aboubusinesscompany.com\/index.php?rest_route=%2Fwp%2Fv2%2Fproduct_tag&post=7796"}],"curies":[{"name":"wp","href":"https:\/\/api.w.org\/{rel}","templated":true}]}}