{"id":7802,"date":"2024-02-06T21:28:21","date_gmt":"2024-02-06T20:28:21","guid":{"rendered":"https:\/\/aboubusinesscompany.com\/?product=biscuits-fourres-noisettes-et-cacao-nutella12-biscuits-166g"},"modified":"2024-10-13T21:56:28","modified_gmt":"2024-10-13T19:56:28","slug":"biscuits-fourres-noisettes-et-cacao-nutella12-biscuits-166g","status":"publish","type":"product","link":"https:\/\/aboubusinesscompany.com\/?product=biscuits-fourres-noisettes-et-cacao-nutella12-biscuits-166g","title":{"rendered":"Biscuits Fourr\u00e9s Noisettes et Cacao NUTELLA\n\n12 biscuits &#8211; 166g"},"content":{"rendered":"<p>Nutella Biscuits, de d\u00e9licieux biscuits croquants au c\u0153ur onctueux de Nutella\u00ae<\/p>\n<p><strong>Ingr\u00e9dients et allerg\u00e8nes<\/strong><\/p>\n<p>P\u00e2te \u00e0 tartiner aux NOISETTES et au cacao 40% (sucre, huile de palme, NOISETTES 13%, LAIT \u00e9cr\u00e9m\u00e9 en poudre 8,7%, cacao maigre 7,4%, \u00e9mulsifiants : l\u00e9cithines SOJA ; Vanilline), farine de FROMENT 32,5%, graisses v\u00e9g\u00e9tales (palme, palmiste), sucre de canne 9%, LACTOSE, son de BLE, LAIT en poudre, extrait en poudre de malt d&rsquo;ORGE et de ma\u00efs, miel, poudres \u00e0 lever (diphosphate disodique, \u2026<\/p>\n","protected":false},"excerpt":{"rendered":"<p>Nutella Biscuits, de d\u00e9licieux biscuits croquants au c\u0153ur onctueux de Nutella\u00ae Ingr\u00e9dients et allerg\u00e8nes P\u00e2te \u00e0 tartiner aux NOISETTES et au cacao 40% (sucre, huile de palme, NOISETTES 13%, LAIT \u00e9cr\u00e9m\u00e9 en poudre 8,7%, cacao maigre 7,4%, \u00e9mulsifiants : l\u00e9cithines SOJA ; Vanilline), farine de FROMENT 32,5%, graisses v\u00e9g\u00e9tales (palme, palmiste), sucre de canne 9%, &hellip; <br \/><a href=\"https:\/\/aboubusinesscompany.com\/?product=biscuits-fourres-noisettes-et-cacao-nutella12-biscuits-166g\" class=\"more-link\">Continue reading <span class=\"screen-reader-text\">Biscuits Fourr\u00e9s Noisettes et Cacao NUTELLA<\/p>\n<p>12 biscuits &#8211; 166g<\/span><\/a><\/p>\n","protected":false},"featured_media":7801,"comment_status":"open","ping_status":"closed","template":"","meta":[],"product_brand":[],"product_cat":[292],"product_tag":[],"class_list":{"0":"post-7802","1":"product","2":"type-product","3":"status-publish","4":"has-post-thumbnail","6":"product_cat-agro-alimentaire","8":"first","9":"outofstock","10":"sale","11":"shipping-taxable","12":"purchasable","13":"product-type-simple"},"jetpack_sharing_enabled":true,"_links":{"self":[{"href":"https:\/\/aboubusinesscompany.com\/index.php?rest_route=\/wp\/v2\/product\/7802","targetHints":{"allow":["GET"]}}],"collection":[{"href":"https:\/\/aboubusinesscompany.com\/index.php?rest_route=\/wp\/v2\/product"}],"about":[{"href":"https:\/\/aboubusinesscompany.com\/index.php?rest_route=\/wp\/v2\/types\/product"}],"replies":[{"embeddable":true,"href":"https:\/\/aboubusinesscompany.com\/index.php?rest_route=%2Fwp%2Fv2%2Fcomments&post=7802"}],"version-history":[{"count":1,"href":"https:\/\/aboubusinesscompany.com\/index.php?rest_route=\/wp\/v2\/product\/7802\/revisions"}],"predecessor-version":[{"id":8185,"href":"https:\/\/aboubusinesscompany.com\/index.php?rest_route=\/wp\/v2\/product\/7802\/revisions\/8185"}],"wp:featuredmedia":[{"embeddable":true,"href":"https:\/\/aboubusinesscompany.com\/index.php?rest_route=\/wp\/v2\/media\/7801"}],"wp:attachment":[{"href":"https:\/\/aboubusinesscompany.com\/index.php?rest_route=%2Fwp%2Fv2%2Fmedia&parent=7802"}],"wp:term":[{"taxonomy":"product_brand","embeddable":true,"href":"https:\/\/aboubusinesscompany.com\/index.php?rest_route=%2Fwp%2Fv2%2Fproduct_brand&post=7802"},{"taxonomy":"product_cat","embeddable":true,"href":"https:\/\/aboubusinesscompany.com\/index.php?rest_route=%2Fwp%2Fv2%2Fproduct_cat&post=7802"},{"taxonomy":"product_tag","embeddable":true,"href":"https:\/\/aboubusinesscompany.com\/index.php?rest_route=%2Fwp%2Fv2%2Fproduct_tag&post=7802"}],"curies":[{"name":"wp","href":"https:\/\/api.w.org\/{rel}","templated":true}]}}