{"id":7808,"date":"2024-02-06T21:44:36","date_gmt":"2024-02-06T20:44:36","guid":{"rendered":"https:\/\/aboubusinesscompany.com\/?product=barre-chocolatee-white-chocolat-blanc-kinder-bueno10-barres-390g"},"modified":"2025-11-07T01:31:09","modified_gmt":"2025-11-07T00:31:09","slug":"barre-chocolatee-white-chocolat-blanc-kinder-bueno10-barres-390g","status":"publish","type":"product","link":"https:\/\/aboubusinesscompany.com\/?product=barre-chocolatee-white-chocolat-blanc-kinder-bueno10-barres-390g","title":{"rendered":"Barre chocolat\u00e9e White Chocolat blanc KINDER BUENO\n10 barres &#8211; 390g"},"content":{"rendered":"<p>Vous connaissiez d\u00e9j\u00e0 Kinder Bueno ? Mais vous \u00eates-vous d\u00e9j\u00e0 laiss\u00e9 tenter par Kinder Bueno White ? Avec son go\u00fbt unique de noisette, son bon chocolat blanc et son c\u00f4t\u00e9 \u00e0 la fois fondant et croustillant, faites-vous vraiment plaisir.<\/p>\n<p><strong>Ingr\u00e9dients et allerg\u00e8nes<\/strong><\/p>\n<p>Chocolat blanc 28% (beurre de cacao, sucre, LAIT \u00e9cr\u00e9m\u00e9 en poudre, BEURRE concentr\u00e9, \u00e9mulsifiants : l\u00e9cithines SOJA, ar\u00f4mes), sucre, huile de palme, farine de FROMENT, LAIT \u00e9cr\u00e9m\u00e9 en poudre, LAIT en poudre, NOISETTES broy\u00e9es 5%, LACTOSERUM en poudre, amidon de FROMENT, cacao maigre 0,4%, huile de tournesol, prot\u00e9ines de LAIT, \u00e9mulsifiants : l\u00e9cithines SOJA, poudres \u00e0 lever (carbonate \u2026<\/p>\n","protected":false},"excerpt":{"rendered":"<p>Vous connaissiez d\u00e9j\u00e0 Kinder Bueno ? Mais vous \u00eates-vous d\u00e9j\u00e0 laiss\u00e9 tenter par Kinder Bueno White ? Avec son go\u00fbt unique de noisette, son bon chocolat blanc et son c\u00f4t\u00e9 \u00e0 la fois fondant et croustillant, faites-vous vraiment plaisir. Ingr\u00e9dients et allerg\u00e8nes Chocolat blanc 28% (beurre de cacao, sucre, LAIT \u00e9cr\u00e9m\u00e9 en poudre, BEURRE concentr\u00e9, &hellip; <br \/><a href=\"https:\/\/aboubusinesscompany.com\/?product=barre-chocolatee-white-chocolat-blanc-kinder-bueno10-barres-390g\" class=\"more-link\">Continue reading <span class=\"screen-reader-text\">Barre chocolat\u00e9e White Chocolat blanc KINDER BUENO<br \/>\n10 barres &#8211; 390g<\/span><\/a><\/p>\n","protected":false},"featured_media":7807,"comment_status":"open","ping_status":"closed","template":"","meta":[],"product_brand":[],"product_cat":[292],"product_tag":[],"class_list":{"0":"post-7808","1":"product","2":"type-product","3":"status-publish","4":"has-post-thumbnail","6":"product_cat-agro-alimentaire","8":"first","9":"instock","10":"sale","11":"shipping-taxable","12":"purchasable","13":"product-type-simple"},"jetpack_sharing_enabled":true,"_links":{"self":[{"href":"https:\/\/aboubusinesscompany.com\/index.php?rest_route=\/wp\/v2\/product\/7808","targetHints":{"allow":["GET"]}}],"collection":[{"href":"https:\/\/aboubusinesscompany.com\/index.php?rest_route=\/wp\/v2\/product"}],"about":[{"href":"https:\/\/aboubusinesscompany.com\/index.php?rest_route=\/wp\/v2\/types\/product"}],"replies":[{"embeddable":true,"href":"https:\/\/aboubusinesscompany.com\/index.php?rest_route=%2Fwp%2Fv2%2Fcomments&post=7808"}],"version-history":[{"count":2,"href":"https:\/\/aboubusinesscompany.com\/index.php?rest_route=\/wp\/v2\/product\/7808\/revisions"}],"predecessor-version":[{"id":8500,"href":"https:\/\/aboubusinesscompany.com\/index.php?rest_route=\/wp\/v2\/product\/7808\/revisions\/8500"}],"wp:featuredmedia":[{"embeddable":true,"href":"https:\/\/aboubusinesscompany.com\/index.php?rest_route=\/wp\/v2\/media\/7807"}],"wp:attachment":[{"href":"https:\/\/aboubusinesscompany.com\/index.php?rest_route=%2Fwp%2Fv2%2Fmedia&parent=7808"}],"wp:term":[{"taxonomy":"product_brand","embeddable":true,"href":"https:\/\/aboubusinesscompany.com\/index.php?rest_route=%2Fwp%2Fv2%2Fproduct_brand&post=7808"},{"taxonomy":"product_cat","embeddable":true,"href":"https:\/\/aboubusinesscompany.com\/index.php?rest_route=%2Fwp%2Fv2%2Fproduct_cat&post=7808"},{"taxonomy":"product_tag","embeddable":true,"href":"https:\/\/aboubusinesscompany.com\/index.php?rest_route=%2Fwp%2Fv2%2Fproduct_tag&post=7808"}],"curies":[{"name":"wp","href":"https:\/\/api.w.org\/{rel}","templated":true}]}}