{"id":7811,"date":"2024-02-06T21:51:52","date_gmt":"2024-02-06T20:51:52","guid":{"rendered":"https:\/\/aboubusinesscompany.com\/?product=gateau-cacao-fourre-au-lait-kinder-delice10x-39g"},"modified":"2026-02-27T22:43:19","modified_gmt":"2026-02-27T21:43:19","slug":"gateau-cacao-fourre-au-lait-kinder-delice10x-39g","status":"publish","type":"product","link":"https:\/\/aboubusinesscompany.com\/?product=gateau-cacao-fourre-au-lait-kinder-delice10x-39g","title":{"rendered":"G\u00e2teau Cacao Fourr\u00e9 au Lait KINDER DELICE\n10x 39g"},"content":{"rendered":"<p>Kinder D\u00e9lice, le g\u00e2teau r\u00eav\u00e9 du go\u00fbter ! Avec son d\u00e9licieux enrobage de cacao craquant, sa g\u00e9noise moelleuse et son c\u0153ur au lait onctueux, Kinder D\u00e9lice fait du go\u00fbter le moment le plus attendu de la journ\u00e9e.<\/p>\n<p><strong>Ingr\u00e9dients et allerg\u00e8nes<\/strong><\/p>\n<p>sucre, graisses v\u00e9g\u00e9tales (palme, karit\u00e9, sal), sirop de glucose-fructose, humectant : glycerol, LAIT en poudre r\u00e9hydrat\u00e9 7%, farine de FROMENT 6,5%, LAIT \u00e9cr\u00e9m\u00e9 en poudre 5%, dextrose, cacao maigre 3%, cacao 3%, OEUF 2,5%, LACTOSERUM en poudre, jus de poire concentr\u00e9, amidon de FROMENT, LAIT en poudre 0,5%, \u00e9mulsifiants (l\u00e9cithines SOJA, mono et diglyc\u00e9rides d&rsquo;acides gras), poudres \u00e0\u2026<\/p>\n","protected":false},"excerpt":{"rendered":"<p>Kinder D\u00e9lice, le g\u00e2teau r\u00eav\u00e9 du go\u00fbter ! Avec son d\u00e9licieux enrobage de cacao craquant, sa g\u00e9noise moelleuse et son c\u0153ur au lait onctueux, Kinder D\u00e9lice fait du go\u00fbter le moment le plus attendu de la journ\u00e9e. Ingr\u00e9dients et allerg\u00e8nes sucre, graisses v\u00e9g\u00e9tales (palme, karit\u00e9, sal), sirop de glucose-fructose, humectant : glycerol, LAIT en poudre &hellip; <br \/><a href=\"https:\/\/aboubusinesscompany.com\/?product=gateau-cacao-fourre-au-lait-kinder-delice10x-39g\" class=\"more-link\">Continue reading <span class=\"screen-reader-text\">G\u00e2teau Cacao Fourr\u00e9 au Lait KINDER DELICE<br \/>\n10x 39g<\/span><\/a><\/p>\n","protected":false},"featured_media":7809,"comment_status":"open","ping_status":"closed","template":"","meta":[],"product_brand":[],"product_cat":[292],"product_tag":[],"class_list":{"0":"post-7811","1":"product","2":"type-product","3":"status-publish","4":"has-post-thumbnail","6":"product_cat-agro-alimentaire","8":"first","9":"outofstock","10":"sale","11":"shipping-taxable","12":"purchasable","13":"product-type-simple"},"jetpack_sharing_enabled":true,"_links":{"self":[{"href":"https:\/\/aboubusinesscompany.com\/index.php?rest_route=\/wp\/v2\/product\/7811","targetHints":{"allow":["GET"]}}],"collection":[{"href":"https:\/\/aboubusinesscompany.com\/index.php?rest_route=\/wp\/v2\/product"}],"about":[{"href":"https:\/\/aboubusinesscompany.com\/index.php?rest_route=\/wp\/v2\/types\/product"}],"replies":[{"embeddable":true,"href":"https:\/\/aboubusinesscompany.com\/index.php?rest_route=%2Fwp%2Fv2%2Fcomments&post=7811"}],"version-history":[{"count":1,"href":"https:\/\/aboubusinesscompany.com\/index.php?rest_route=\/wp\/v2\/product\/7811\/revisions"}],"predecessor-version":[{"id":8187,"href":"https:\/\/aboubusinesscompany.com\/index.php?rest_route=\/wp\/v2\/product\/7811\/revisions\/8187"}],"wp:featuredmedia":[{"embeddable":true,"href":"https:\/\/aboubusinesscompany.com\/index.php?rest_route=\/wp\/v2\/media\/7809"}],"wp:attachment":[{"href":"https:\/\/aboubusinesscompany.com\/index.php?rest_route=%2Fwp%2Fv2%2Fmedia&parent=7811"}],"wp:term":[{"taxonomy":"product_brand","embeddable":true,"href":"https:\/\/aboubusinesscompany.com\/index.php?rest_route=%2Fwp%2Fv2%2Fproduct_brand&post=7811"},{"taxonomy":"product_cat","embeddable":true,"href":"https:\/\/aboubusinesscompany.com\/index.php?rest_route=%2Fwp%2Fv2%2Fproduct_cat&post=7811"},{"taxonomy":"product_tag","embeddable":true,"href":"https:\/\/aboubusinesscompany.com\/index.php?rest_route=%2Fwp%2Fv2%2Fproduct_tag&post=7811"}],"curies":[{"name":"wp","href":"https:\/\/api.w.org\/{rel}","templated":true}]}}