{"id":7813,"date":"2024-02-06T21:55:40","date_gmt":"2024-02-06T20:55:40","guid":{"rendered":"https:\/\/aboubusinesscompany.com\/?product=tablette-de-chocolat-lait-noisettes-ferrero-rocher90g"},"modified":"2024-10-13T21:58:42","modified_gmt":"2024-10-13T19:58:42","slug":"tablette-de-chocolat-lait-noisettes-ferrero-rocher90g","status":"publish","type":"product","link":"https:\/\/aboubusinesscompany.com\/?product=tablette-de-chocolat-lait-noisettes-ferrero-rocher90g","title":{"rendered":"Tablette de chocolat Lait Noisettes FERRERO ROCHER\n90g"},"content":{"rendered":"<p>Accordez-vous une pause gourmande gr\u00e2ce \u00e0 cette tablette : un fourrage fondant irr\u00e9sistible, un enrobage croquant au chocolat et des \u00e9clats de noisette. Une combinaison de sensations et de saveurs gourmandes pour tous les amoureux de chocolat au lait. D\u00e9couvrez la tablette FERRERO ROCHER Original, une forme inimitable pour une exp\u00e9rience intense et surprenante \u00e0 savourer \u00e0 tout moment.<\/p>\n<p><strong>Ingr\u00e9dients et allerg\u00e8nes<\/strong><\/p>\n<p>Sucre, beurre de cacao, NOISETTES 16%, p\u00e2te de cacao, huile de palme, LAIT \u00e9cr\u00e9m\u00e9 en poudre, LACTOSERUM en poudre, BEURRE concentr\u00e9, cacao maigre, \u00e9mulsifiants (l\u00e9cithines SOJA) ; ar\u00f4mes. Cacao sur le total : 26,5% Peut contenir AMANDES, NOIX, NOIX DE CAJOU, NOIX DE PECAN, NOIX DU BRESIL, PISTACHES et NOIX DE MACADAMIA<br \/>\nAllerg\u00e8nes: Soja &#8211; Lait &#8211; Fruits \u00e0 coque \u2026<\/p>\n","protected":false},"excerpt":{"rendered":"<p>Accordez-vous une pause gourmande gr\u00e2ce \u00e0 cette tablette : un fourrage fondant irr\u00e9sistible, un enrobage croquant au chocolat et des \u00e9clats de noisette. Une combinaison de sensations et de saveurs gourmandes pour tous les amoureux de chocolat au lait. D\u00e9couvrez la tablette FERRERO ROCHER Original, une forme inimitable pour une exp\u00e9rience intense et surprenante \u00e0 &hellip; <br \/><a href=\"https:\/\/aboubusinesscompany.com\/?product=tablette-de-chocolat-lait-noisettes-ferrero-rocher90g\" class=\"more-link\">Continue reading <span class=\"screen-reader-text\">Tablette de chocolat Lait Noisettes FERRERO ROCHER<br \/>\n90g<\/span><\/a><\/p>\n","protected":false},"featured_media":7812,"comment_status":"open","ping_status":"closed","template":"","meta":[],"product_brand":[],"product_cat":[292],"product_tag":[],"class_list":{"0":"post-7813","1":"product","2":"type-product","3":"status-publish","4":"has-post-thumbnail","6":"product_cat-agro-alimentaire","8":"first","9":"outofstock","10":"shipping-taxable","11":"purchasable","12":"product-type-simple"},"jetpack_sharing_enabled":true,"_links":{"self":[{"href":"https:\/\/aboubusinesscompany.com\/index.php?rest_route=\/wp\/v2\/product\/7813","targetHints":{"allow":["GET"]}}],"collection":[{"href":"https:\/\/aboubusinesscompany.com\/index.php?rest_route=\/wp\/v2\/product"}],"about":[{"href":"https:\/\/aboubusinesscompany.com\/index.php?rest_route=\/wp\/v2\/types\/product"}],"replies":[{"embeddable":true,"href":"https:\/\/aboubusinesscompany.com\/index.php?rest_route=%2Fwp%2Fv2%2Fcomments&post=7813"}],"version-history":[{"count":0,"href":"https:\/\/aboubusinesscompany.com\/index.php?rest_route=\/wp\/v2\/product\/7813\/revisions"}],"wp:featuredmedia":[{"embeddable":true,"href":"https:\/\/aboubusinesscompany.com\/index.php?rest_route=\/wp\/v2\/media\/7812"}],"wp:attachment":[{"href":"https:\/\/aboubusinesscompany.com\/index.php?rest_route=%2Fwp%2Fv2%2Fmedia&parent=7813"}],"wp:term":[{"taxonomy":"product_brand","embeddable":true,"href":"https:\/\/aboubusinesscompany.com\/index.php?rest_route=%2Fwp%2Fv2%2Fproduct_brand&post=7813"},{"taxonomy":"product_cat","embeddable":true,"href":"https:\/\/aboubusinesscompany.com\/index.php?rest_route=%2Fwp%2Fv2%2Fproduct_cat&post=7813"},{"taxonomy":"product_tag","embeddable":true,"href":"https:\/\/aboubusinesscompany.com\/index.php?rest_route=%2Fwp%2Fv2%2Fproduct_tag&post=7813"}],"curies":[{"name":"wp","href":"https:\/\/api.w.org\/{rel}","templated":true}]}}