{"id":7828,"date":"2024-02-07T21:08:20","date_gmt":"2024-02-07T20:08:20","guid":{"rendered":"https:\/\/aboubusinesscompany.com\/?product=barquette-aluminium-2-kg-carton-de-400-pieces"},"modified":"2025-12-11T15:33:18","modified_gmt":"2025-12-11T14:33:18","slug":"barquette-aluminium-2-kg-carton-de-400-pieces","status":"publish","type":"product","link":"https:\/\/aboubusinesscompany.com\/?product=barquette-aluminium-2-kg-carton-de-400-pieces","title":{"rendered":"Barquette aluminium 2 kg \nCarton de 500 pi\u00e8ces"},"content":{"rendered":"<p>Plateau de cuisson parfait \u00e0 utiliser lors d&rsquo;un barbecue, d&rsquo;un pique-nique ou de repas lors d&rsquo;une excursion d&rsquo;une journ\u00e9e.<\/p>\n<p>Solution jetable simple et pratique pour toutes les occasions.<\/p>\n","protected":false},"excerpt":{"rendered":"<p>Plateau de cuisson parfait \u00e0 utiliser lors d&rsquo;un barbecue, d&rsquo;un pique-nique ou de repas lors d&rsquo;une excursion d&rsquo;une journ\u00e9e. Solution jetable simple et pratique pour toutes les occasions.<\/p>\n","protected":false},"featured_media":7826,"comment_status":"open","ping_status":"closed","template":"","meta":[],"product_brand":[],"product_cat":[301],"product_tag":[],"class_list":{"0":"post-7828","1":"product","2":"type-product","3":"status-publish","4":"has-post-thumbnail","6":"product_cat-maison-agro-alimentaire","8":"first","9":"instock","10":"sale","11":"shipping-taxable","12":"purchasable","13":"product-type-simple"},"jetpack_sharing_enabled":true,"_links":{"self":[{"href":"https:\/\/aboubusinesscompany.com\/index.php?rest_route=\/wp\/v2\/product\/7828","targetHints":{"allow":["GET"]}}],"collection":[{"href":"https:\/\/aboubusinesscompany.com\/index.php?rest_route=\/wp\/v2\/product"}],"about":[{"href":"https:\/\/aboubusinesscompany.com\/index.php?rest_route=\/wp\/v2\/types\/product"}],"replies":[{"embeddable":true,"href":"https:\/\/aboubusinesscompany.com\/index.php?rest_route=%2Fwp%2Fv2%2Fcomments&post=7828"}],"version-history":[{"count":1,"href":"https:\/\/aboubusinesscompany.com\/index.php?rest_route=\/wp\/v2\/product\/7828\/revisions"}],"predecessor-version":[{"id":8389,"href":"https:\/\/aboubusinesscompany.com\/index.php?rest_route=\/wp\/v2\/product\/7828\/revisions\/8389"}],"wp:featuredmedia":[{"embeddable":true,"href":"https:\/\/aboubusinesscompany.com\/index.php?rest_route=\/wp\/v2\/media\/7826"}],"wp:attachment":[{"href":"https:\/\/aboubusinesscompany.com\/index.php?rest_route=%2Fwp%2Fv2%2Fmedia&parent=7828"}],"wp:term":[{"taxonomy":"product_brand","embeddable":true,"href":"https:\/\/aboubusinesscompany.com\/index.php?rest_route=%2Fwp%2Fv2%2Fproduct_brand&post=7828"},{"taxonomy":"product_cat","embeddable":true,"href":"https:\/\/aboubusinesscompany.com\/index.php?rest_route=%2Fwp%2Fv2%2Fproduct_cat&post=7828"},{"taxonomy":"product_tag","embeddable":true,"href":"https:\/\/aboubusinesscompany.com\/index.php?rest_route=%2Fwp%2Fv2%2Fproduct_tag&post=7828"}],"curies":[{"name":"wp","href":"https:\/\/api.w.org\/{rel}","templated":true}]}}