{"id":7831,"date":"2024-02-13T19:38:56","date_gmt":"2024-02-13T18:38:56","guid":{"rendered":"https:\/\/aboubusinesscompany.com\/?product=apple-airpods-pro-2%e1%b5%89-generation"},"modified":"2024-02-28T10:09:58","modified_gmt":"2024-02-28T09:09:58","slug":"apple-airpods-pro-2%e1%b5%89-generation","status":"publish","type":"product","link":"https:\/\/aboubusinesscompany.com\/?product=apple-airpods-pro-2%e1%b5%89-generation","title":{"rendered":"Apple AirPods Pro (2\u1d49 g\u00e9n\u00e9ration) \u200b\u200b\u200b\u200b\u200b\u200b\u200b"},"content":{"rendered":"<p>Les AirPods Pro offrent jusqu\u2019\u00e0 2x plus de R\u00e9duction active du bruit, la Transparence adaptative, mais aussi l\u2019Audio spatial personnalis\u00e9 avec suivi dynamique des mouvements de la t\u00eate, pour un son v\u00e9ritablement immersif. Maintenant avec plus de tailles d\u2019embouts (XS, S, M, L) et jusqu\u2019\u00e0 6 heures d\u2019\u00e9coute.<\/p>\n","protected":false},"excerpt":{"rendered":"<p>Les AirPods Pro offrent jusqu\u2019\u00e0 2x plus de R\u00e9duction active du bruit, la Transparence adaptative, mais aussi l\u2019Audio spatial personnalis\u00e9 avec suivi dynamique des mouvements de la t\u00eate, pour un son v\u00e9ritablement immersif. Maintenant avec plus de tailles d\u2019embouts (XS, S, M, L) et jusqu\u2019\u00e0 6 heures d\u2019\u00e9coute.<\/p>\n","protected":false},"featured_media":7829,"comment_status":"open","ping_status":"closed","template":"","meta":[],"product_brand":[],"product_cat":[296],"product_tag":[],"class_list":{"0":"post-7831","1":"product","2":"type-product","3":"status-publish","4":"has-post-thumbnail","6":"product_cat-multimedia","8":"first","9":"instock","10":"sale","11":"shipping-taxable","12":"purchasable","13":"product-type-simple"},"jetpack_sharing_enabled":true,"_links":{"self":[{"href":"https:\/\/aboubusinesscompany.com\/index.php?rest_route=\/wp\/v2\/product\/7831","targetHints":{"allow":["GET"]}}],"collection":[{"href":"https:\/\/aboubusinesscompany.com\/index.php?rest_route=\/wp\/v2\/product"}],"about":[{"href":"https:\/\/aboubusinesscompany.com\/index.php?rest_route=\/wp\/v2\/types\/product"}],"replies":[{"embeddable":true,"href":"https:\/\/aboubusinesscompany.com\/index.php?rest_route=%2Fwp%2Fv2%2Fcomments&post=7831"}],"version-history":[{"count":0,"href":"https:\/\/aboubusinesscompany.com\/index.php?rest_route=\/wp\/v2\/product\/7831\/revisions"}],"wp:featuredmedia":[{"embeddable":true,"href":"https:\/\/aboubusinesscompany.com\/index.php?rest_route=\/wp\/v2\/media\/7829"}],"wp:attachment":[{"href":"https:\/\/aboubusinesscompany.com\/index.php?rest_route=%2Fwp%2Fv2%2Fmedia&parent=7831"}],"wp:term":[{"taxonomy":"product_brand","embeddable":true,"href":"https:\/\/aboubusinesscompany.com\/index.php?rest_route=%2Fwp%2Fv2%2Fproduct_brand&post=7831"},{"taxonomy":"product_cat","embeddable":true,"href":"https:\/\/aboubusinesscompany.com\/index.php?rest_route=%2Fwp%2Fv2%2Fproduct_cat&post=7831"},{"taxonomy":"product_tag","embeddable":true,"href":"https:\/\/aboubusinesscompany.com\/index.php?rest_route=%2Fwp%2Fv2%2Fproduct_tag&post=7831"}],"curies":[{"name":"wp","href":"https:\/\/api.w.org\/{rel}","templated":true}]}}