{"id":7859,"date":"2024-02-28T13:33:04","date_gmt":"2024-02-28T12:33:04","guid":{"rendered":"https:\/\/aboubusinesscompany.com\/?product=sangle-de-poitrine-pour-telephone-portable"},"modified":"2024-02-28T13:33:04","modified_gmt":"2024-02-28T12:33:04","slug":"sangle-de-poitrine-pour-telephone-portable","status":"publish","type":"product","link":"https:\/\/aboubusinesscompany.com\/?product=sangle-de-poitrine-pour-telephone-portable","title":{"rendered":"Sangle de poitrine pour t\u00e9l\u00e9phone portable."},"content":{"rendered":"<p>Support de montage, premier angle, prompte vid\u00e9o, partenaires, clip, diffusion, en direct, accessoires, prise en charge, livraison directe.<\/p>\n","protected":false},"excerpt":{"rendered":"<p>Support de montage, premier angle, prompte vid\u00e9o, partenaires, clip, diffusion, en direct, accessoires, prise en charge, livraison directe.<\/p>\n","protected":false},"featured_media":7852,"comment_status":"open","ping_status":"closed","template":"","meta":[],"product_brand":[],"product_cat":[296],"product_tag":[],"class_list":{"0":"post-7859","1":"product","2":"type-product","3":"status-publish","4":"has-post-thumbnail","6":"product_cat-multimedia","8":"first","9":"instock","10":"sale","11":"shipping-taxable","12":"purchasable","13":"product-type-simple"},"jetpack_sharing_enabled":true,"_links":{"self":[{"href":"https:\/\/aboubusinesscompany.com\/index.php?rest_route=\/wp\/v2\/product\/7859","targetHints":{"allow":["GET"]}}],"collection":[{"href":"https:\/\/aboubusinesscompany.com\/index.php?rest_route=\/wp\/v2\/product"}],"about":[{"href":"https:\/\/aboubusinesscompany.com\/index.php?rest_route=\/wp\/v2\/types\/product"}],"replies":[{"embeddable":true,"href":"https:\/\/aboubusinesscompany.com\/index.php?rest_route=%2Fwp%2Fv2%2Fcomments&post=7859"}],"version-history":[{"count":0,"href":"https:\/\/aboubusinesscompany.com\/index.php?rest_route=\/wp\/v2\/product\/7859\/revisions"}],"wp:featuredmedia":[{"embeddable":true,"href":"https:\/\/aboubusinesscompany.com\/index.php?rest_route=\/wp\/v2\/media\/7852"}],"wp:attachment":[{"href":"https:\/\/aboubusinesscompany.com\/index.php?rest_route=%2Fwp%2Fv2%2Fmedia&parent=7859"}],"wp:term":[{"taxonomy":"product_brand","embeddable":true,"href":"https:\/\/aboubusinesscompany.com\/index.php?rest_route=%2Fwp%2Fv2%2Fproduct_brand&post=7859"},{"taxonomy":"product_cat","embeddable":true,"href":"https:\/\/aboubusinesscompany.com\/index.php?rest_route=%2Fwp%2Fv2%2Fproduct_cat&post=7859"},{"taxonomy":"product_tag","embeddable":true,"href":"https:\/\/aboubusinesscompany.com\/index.php?rest_route=%2Fwp%2Fv2%2Fproduct_tag&post=7859"}],"curies":[{"name":"wp","href":"https:\/\/api.w.org\/{rel}","templated":true}]}}