{"id":7864,"date":"2024-02-28T13:42:57","date_gmt":"2024-02-28T12:42:57","guid":{"rendered":"https:\/\/aboubusinesscompany.com\/?product=grattoir-de-calandre-en-ecailles-de-poisson"},"modified":"2025-06-12T19:09:46","modified_gmt":"2025-06-12T17:09:46","slug":"grattoir-de-calandre-en-ecailles-de-poisson","status":"publish","type":"product","link":"https:\/\/aboubusinesscompany.com\/?product=grattoir-de-calandre-en-ecailles-de-poisson","title":{"rendered":"Grattoir de calandre en \u00e9cailles de poisson"},"content":{"rendered":"<p>Grattoir de calandre en \u00e9cailles de poisson avec couvercle, outil de livres, cuisine domestique, accessoires de p\u00eache \u00e0 la carpe.<\/p>\n","protected":false},"excerpt":{"rendered":"<p>Grattoir de calandre en \u00e9cailles de poisson avec couvercle, outil de livres, cuisine domestique, accessoires de p\u00eache \u00e0 la carpe.<\/p>\n","protected":false},"featured_media":7860,"comment_status":"open","ping_status":"closed","template":"","meta":[],"product_brand":[],"product_cat":[299],"product_tag":[],"class_list":{"0":"post-7864","1":"product","2":"type-product","3":"status-publish","4":"has-post-thumbnail","6":"product_cat-electromenager","8":"first","9":"instock","10":"sale","11":"shipping-taxable","12":"purchasable","13":"product-type-simple"},"jetpack_sharing_enabled":true,"_links":{"self":[{"href":"https:\/\/aboubusinesscompany.com\/index.php?rest_route=\/wp\/v2\/product\/7864","targetHints":{"allow":["GET"]}}],"collection":[{"href":"https:\/\/aboubusinesscompany.com\/index.php?rest_route=\/wp\/v2\/product"}],"about":[{"href":"https:\/\/aboubusinesscompany.com\/index.php?rest_route=\/wp\/v2\/types\/product"}],"replies":[{"embeddable":true,"href":"https:\/\/aboubusinesscompany.com\/index.php?rest_route=%2Fwp%2Fv2%2Fcomments&post=7864"}],"version-history":[{"count":0,"href":"https:\/\/aboubusinesscompany.com\/index.php?rest_route=\/wp\/v2\/product\/7864\/revisions"}],"wp:featuredmedia":[{"embeddable":true,"href":"https:\/\/aboubusinesscompany.com\/index.php?rest_route=\/wp\/v2\/media\/7860"}],"wp:attachment":[{"href":"https:\/\/aboubusinesscompany.com\/index.php?rest_route=%2Fwp%2Fv2%2Fmedia&parent=7864"}],"wp:term":[{"taxonomy":"product_brand","embeddable":true,"href":"https:\/\/aboubusinesscompany.com\/index.php?rest_route=%2Fwp%2Fv2%2Fproduct_brand&post=7864"},{"taxonomy":"product_cat","embeddable":true,"href":"https:\/\/aboubusinesscompany.com\/index.php?rest_route=%2Fwp%2Fv2%2Fproduct_cat&post=7864"},{"taxonomy":"product_tag","embeddable":true,"href":"https:\/\/aboubusinesscompany.com\/index.php?rest_route=%2Fwp%2Fv2%2Fproduct_tag&post=7864"}],"curies":[{"name":"wp","href":"https:\/\/api.w.org\/{rel}","templated":true}]}}