{"id":7983,"date":"2024-07-11T01:33:16","date_gmt":"2024-07-10T23:33:16","guid":{"rendered":"https:\/\/aboubusinesscompany.com\/?product=monopoly-card-game-family-birthday-festival-%ef%bc%8cbirthday-gift%ef%bc%8cquick-playing-for-4-players"},"modified":"2024-07-11T01:33:16","modified_gmt":"2024-07-10T23:33:16","slug":"monopoly-card-game-family-birthday-festival-%ef%bc%8cbirthday-gift%ef%bc%8cquick-playing-for-4-players","status":"publish","type":"product","link":"https:\/\/aboubusinesscompany.com\/?product=monopoly-card-game-family-birthday-festival-%ef%bc%8cbirthday-gift%ef%bc%8cquick-playing-for-4-players","title":{"rendered":"Monopoly Card Game, Family Birthday Festival \uff0cBirthday Gift\uff0cQuick-Playing  for 4 Players"},"content":{"rendered":"<p><span style=\"font-family: Roboto, Arial, Helvetica, Tahoma, sans-serif;font-size: 13px;font-style: normal;font-weight: 400;letter-spacing: normal;text-align: start;text-indent: 0px;text-transform: none;text-decoration: none;float: none\">Le Monopoly se retrouve dans un jeu de cartes amusant ; Id\u00e9al pour les petites pauses&nbsp;; une partie ne dure que 15&nbsp;minutes <\/span><span style=\"font-family: Roboto, Arial, Helvetica, Tahoma, sans-serif;font-size: 13px;font-style: normal;font-weight: 400;letter-spacing: normal;text-align: start;text-indent: 0px;text-transform: none;text-decoration: none;float: none\">; Les cartes Action permettent de r\u00e9clamer des loyers et de conclure des march\u00e9s sournois ; Il suffit de collectionner 3&nbsp;groupes de propri\u00e9t\u00e9s pour gagner<\/span><\/p>\n","protected":false},"excerpt":{"rendered":"<p>Le Monopoly se retrouve dans un jeu de cartes amusant ; Id\u00e9al pour les petites pauses&nbsp;; une partie ne dure que 15&nbsp;minutes ; Les cartes Action permettent de r\u00e9clamer des loyers et de conclure des march\u00e9s sournois ; Il suffit de collectionner 3&nbsp;groupes de propri\u00e9t\u00e9s pour gagner<\/p>\n","protected":false},"featured_media":7979,"comment_status":"open","ping_status":"closed","template":"","meta":[],"product_brand":[],"product_cat":[297],"product_tag":[],"class_list":{"0":"post-7983","1":"product","2":"type-product","3":"status-publish","4":"has-post-thumbnail","6":"product_cat-divers","8":"first","9":"instock","10":"sale","11":"shipping-taxable","12":"purchasable","13":"product-type-simple"},"jetpack_sharing_enabled":true,"_links":{"self":[{"href":"https:\/\/aboubusinesscompany.com\/index.php?rest_route=\/wp\/v2\/product\/7983","targetHints":{"allow":["GET"]}}],"collection":[{"href":"https:\/\/aboubusinesscompany.com\/index.php?rest_route=\/wp\/v2\/product"}],"about":[{"href":"https:\/\/aboubusinesscompany.com\/index.php?rest_route=\/wp\/v2\/types\/product"}],"replies":[{"embeddable":true,"href":"https:\/\/aboubusinesscompany.com\/index.php?rest_route=%2Fwp%2Fv2%2Fcomments&post=7983"}],"version-history":[{"count":0,"href":"https:\/\/aboubusinesscompany.com\/index.php?rest_route=\/wp\/v2\/product\/7983\/revisions"}],"wp:featuredmedia":[{"embeddable":true,"href":"https:\/\/aboubusinesscompany.com\/index.php?rest_route=\/wp\/v2\/media\/7979"}],"wp:attachment":[{"href":"https:\/\/aboubusinesscompany.com\/index.php?rest_route=%2Fwp%2Fv2%2Fmedia&parent=7983"}],"wp:term":[{"taxonomy":"product_brand","embeddable":true,"href":"https:\/\/aboubusinesscompany.com\/index.php?rest_route=%2Fwp%2Fv2%2Fproduct_brand&post=7983"},{"taxonomy":"product_cat","embeddable":true,"href":"https:\/\/aboubusinesscompany.com\/index.php?rest_route=%2Fwp%2Fv2%2Fproduct_cat&post=7983"},{"taxonomy":"product_tag","embeddable":true,"href":"https:\/\/aboubusinesscompany.com\/index.php?rest_route=%2Fwp%2Fv2%2Fproduct_tag&post=7983"}],"curies":[{"name":"wp","href":"https:\/\/api.w.org\/{rel}","templated":true}]}}