{"id":8030,"date":"2024-08-08T11:54:51","date_gmt":"2024-08-08T09:54:51","guid":{"rendered":"https:\/\/aboubusinesscompany.com\/?product=produit"},"modified":"2025-08-07T20:28:43","modified_gmt":"2025-08-07T18:28:43","slug":"produit","status":"publish","type":"product","link":"https:\/\/aboubusinesscompany.com\/?product=produit","title":{"rendered":"Loup- Garou"},"content":{"rendered":"<p><span>C&rsquo;est la nuit. Des cr\u00e9atures inqui\u00e9tantes se cachent dans l&rsquo;ombre. Mais heureusement, le soleil va bient\u00f4t se lever et l&rsquo;on verra ce que le jour nous r\u00e9serve. \u00ab\u00a0Loup-garou pour une nuit\u00a0\u00bb est un jeu de r\u00f4le rapide dans lequel il est question de bluff, de ruse, de dissimulation et de tromperie. Qui sont les dangereux loups-garous ? La voyante peut-elle apporter la lumi\u00e8re dans l&rsquo;obscurit\u00e9 ? Le jeu se d\u00e9roule avec trois \u00e0 dix joueurs. Les joueurs peuvent soit faire eux-m\u00eames le r\u00f4le de narrateur, soit utiliser l&rsquo;application gratuite \u00ab\u00a0Loup Garou pour une Nuit\u00a0\u00bb, qui lit \u00e0 haute voix les r\u00f4les et les comp\u00e9tences de chacun, cr\u00e9ant ainsi une atmosph\u00e8re encore plus captivante.<\/span><\/p>\n","protected":false},"excerpt":{"rendered":"<p>C&rsquo;est la nuit. Des cr\u00e9atures inqui\u00e9tantes se cachent dans l&rsquo;ombre. Mais heureusement, le soleil va bient\u00f4t se lever et l&rsquo;on verra ce que le jour nous r\u00e9serve. \u00ab\u00a0Loup-garou pour une nuit\u00a0\u00bb est un jeu de r\u00f4le rapide dans lequel il est question de bluff, de ruse, de dissimulation et de tromperie. Qui sont les dangereux &hellip; <br \/><a href=\"https:\/\/aboubusinesscompany.com\/?product=produit\" class=\"more-link\">Continue reading <span class=\"screen-reader-text\">Loup- Garou<\/span><\/a><\/p>\n","protected":false},"featured_media":8025,"comment_status":"open","ping_status":"closed","template":"","meta":[],"product_brand":[],"product_cat":[297],"product_tag":[],"class_list":{"0":"post-8030","1":"product","2":"type-product","3":"status-publish","4":"has-post-thumbnail","6":"product_cat-divers","8":"first","9":"instock","10":"sale","11":"shipping-taxable","12":"purchasable","13":"product-type-simple"},"jetpack_sharing_enabled":true,"_links":{"self":[{"href":"https:\/\/aboubusinesscompany.com\/index.php?rest_route=\/wp\/v2\/product\/8030","targetHints":{"allow":["GET"]}}],"collection":[{"href":"https:\/\/aboubusinesscompany.com\/index.php?rest_route=\/wp\/v2\/product"}],"about":[{"href":"https:\/\/aboubusinesscompany.com\/index.php?rest_route=\/wp\/v2\/types\/product"}],"replies":[{"embeddable":true,"href":"https:\/\/aboubusinesscompany.com\/index.php?rest_route=%2Fwp%2Fv2%2Fcomments&post=8030"}],"version-history":[{"count":1,"href":"https:\/\/aboubusinesscompany.com\/index.php?rest_route=\/wp\/v2\/product\/8030\/revisions"}],"predecessor-version":[{"id":8031,"href":"https:\/\/aboubusinesscompany.com\/index.php?rest_route=\/wp\/v2\/product\/8030\/revisions\/8031"}],"wp:featuredmedia":[{"embeddable":true,"href":"https:\/\/aboubusinesscompany.com\/index.php?rest_route=\/wp\/v2\/media\/8025"}],"wp:attachment":[{"href":"https:\/\/aboubusinesscompany.com\/index.php?rest_route=%2Fwp%2Fv2%2Fmedia&parent=8030"}],"wp:term":[{"taxonomy":"product_brand","embeddable":true,"href":"https:\/\/aboubusinesscompany.com\/index.php?rest_route=%2Fwp%2Fv2%2Fproduct_brand&post=8030"},{"taxonomy":"product_cat","embeddable":true,"href":"https:\/\/aboubusinesscompany.com\/index.php?rest_route=%2Fwp%2Fv2%2Fproduct_cat&post=8030"},{"taxonomy":"product_tag","embeddable":true,"href":"https:\/\/aboubusinesscompany.com\/index.php?rest_route=%2Fwp%2Fv2%2Fproduct_tag&post=8030"}],"curies":[{"name":"wp","href":"https:\/\/api.w.org\/{rel}","templated":true}]}}