{"id":8037,"date":"2024-08-08T12:04:32","date_gmt":"2024-08-08T10:04:32","guid":{"rendered":"https:\/\/aboubusinesscompany.com\/?product=classic-jenga"},"modified":"2025-12-31T13:13:19","modified_gmt":"2025-12-31T12:13:19","slug":"classic-jenga","status":"publish","type":"product","link":"https:\/\/aboubusinesscompany.com\/?product=classic-jenga","title":{"rendered":"Classic Jenga"},"content":{"rendered":"<ul class=\"a-unordered-list a-vertical a-spacing-none\">\n<li class=\"a-spacing-mini\" style=\"margin: 0px\"><span class=\"a-list-item\">Le jeu original de blocs en bois \u00e0 empiler : Voici le jenga classique appr\u00e9ci\u00e9 des familles depuis des g\u00e9n\u00e9rations. Les joueurs retirent les blocs un \u00e0 un pour les poser sur le dessus de la tour, sans la faire tomber<\/span><\/li>\n<li class=\"a-spacing-mini\" style=\"margin: 0px\"><span class=\"a-list-item\">La tour ne doit pas s&rsquo;\u00e9crouler : Chaque mouvement compte dans ce jeu de strat\u00e9gie. Qu&rsquo;ils commencent par le bas, le haut ou le milieu de la tour, les joueurs doivent empiler les blocs de mani\u00e8re \u00e0 maintenir la tour en \u00e9quilibre<\/span><\/li>\n<li class=\"a-spacing-mini\" style=\"margin: 0px\"><span class=\"a-list-item\">Pour 1 joueur ou plus : Personne ne veut jouer ce n&rsquo;est pas un probl\u00e8me, car le jenga classique se joue en solo ou en groupe. Ce jeu d&rsquo;int\u00e9rieur simple et amusant est aussi id\u00e9al pour faire une pause lorsqu&rsquo;on fait l&rsquo;\u00e9cole \u00e0 la maison<\/span><\/li>\n<li class=\"a-spacing-mini\" style=\"margin: 0px\"><span class=\"a-list-item\">Blocs en bois massif v\u00e9ritable : Ce jeu hasbro inclut 54 blocs en bois massif taill\u00e9s avec pr\u00e9cision, et un support pour monter une tour parfaite<\/span><\/li>\n<li class=\"a-spacing-mini\" style=\"margin: 0px\"><span class=\"a-list-item\">Jeu de groupe captivant : Le jenga \u00e9gayera toutes les f\u00eates et soir\u00e9es de jeux en famille. Ce jeu classique d&#8217;empilage de blocs est facile \u00e0 jouer et fait un excellent cadeau pour les enfants. \u00e0 partir de 6 ans<\/span><\/li>\n<\/ul>\n","protected":false},"excerpt":{"rendered":"<p>Le jeu original de blocs en bois \u00e0 empiler : Voici le jenga classique appr\u00e9ci\u00e9 des familles depuis des g\u00e9n\u00e9rations. Les joueurs retirent les blocs un \u00e0 un pour les poser sur le dessus de la tour, sans la faire tomber La tour ne doit pas s&rsquo;\u00e9crouler : Chaque mouvement compte dans ce jeu de &hellip; <br \/><a href=\"https:\/\/aboubusinesscompany.com\/?product=classic-jenga\" class=\"more-link\">Continue reading <span class=\"screen-reader-text\">Classic Jenga<\/span><\/a><\/p>\n","protected":false},"featured_media":8032,"comment_status":"open","ping_status":"closed","template":"","meta":[],"product_brand":[],"product_cat":[297],"product_tag":[],"class_list":{"0":"post-8037","1":"product","2":"type-product","3":"status-publish","4":"has-post-thumbnail","6":"product_cat-divers","8":"first","9":"instock","10":"sale","11":"shipping-taxable","12":"purchasable","13":"product-type-simple"},"jetpack_sharing_enabled":true,"_links":{"self":[{"href":"https:\/\/aboubusinesscompany.com\/index.php?rest_route=\/wp\/v2\/product\/8037","targetHints":{"allow":["GET"]}}],"collection":[{"href":"https:\/\/aboubusinesscompany.com\/index.php?rest_route=\/wp\/v2\/product"}],"about":[{"href":"https:\/\/aboubusinesscompany.com\/index.php?rest_route=\/wp\/v2\/types\/product"}],"replies":[{"embeddable":true,"href":"https:\/\/aboubusinesscompany.com\/index.php?rest_route=%2Fwp%2Fv2%2Fcomments&post=8037"}],"version-history":[{"count":1,"href":"https:\/\/aboubusinesscompany.com\/index.php?rest_route=\/wp\/v2\/product\/8037\/revisions"}],"predecessor-version":[{"id":8207,"href":"https:\/\/aboubusinesscompany.com\/index.php?rest_route=\/wp\/v2\/product\/8037\/revisions\/8207"}],"wp:featuredmedia":[{"embeddable":true,"href":"https:\/\/aboubusinesscompany.com\/index.php?rest_route=\/wp\/v2\/media\/8032"}],"wp:attachment":[{"href":"https:\/\/aboubusinesscompany.com\/index.php?rest_route=%2Fwp%2Fv2%2Fmedia&parent=8037"}],"wp:term":[{"taxonomy":"product_brand","embeddable":true,"href":"https:\/\/aboubusinesscompany.com\/index.php?rest_route=%2Fwp%2Fv2%2Fproduct_brand&post=8037"},{"taxonomy":"product_cat","embeddable":true,"href":"https:\/\/aboubusinesscompany.com\/index.php?rest_route=%2Fwp%2Fv2%2Fproduct_cat&post=8037"},{"taxonomy":"product_tag","embeddable":true,"href":"https:\/\/aboubusinesscompany.com\/index.php?rest_route=%2Fwp%2Fv2%2Fproduct_tag&post=8037"}],"curies":[{"name":"wp","href":"https:\/\/api.w.org\/{rel}","templated":true}]}}