{"id":8051,"date":"2024-08-08T12:18:14","date_gmt":"2024-08-08T10:18:14","guid":{"rendered":"https:\/\/aboubusinesscompany.com\/?product=ludo-magnetic-game-portatif"},"modified":"2026-02-05T00:04:18","modified_gmt":"2026-02-04T23:04:18","slug":"ludo-magnetic-game-portatif","status":"publish","type":"product","link":"https:\/\/aboubusinesscompany.com\/?product=ludo-magnetic-game-portatif","title":{"rendered":"Ludo (magnetic game, portatif)"},"content":{"rendered":"<ul class=\"a-unordered-list a-vertical a-spacing-none\">\n<li class=\"a-spacing-mini\" style=\"margin: 0px\"><span class=\"a-list-item\">Un jeu traditionnel pour toute la famille, petits et grands peuvent s&rsquo;affronter avec un jeu classique de Ludo !<\/span><\/li>\n<li class=\"a-spacing-mini\" style=\"margin: 0px\"><span class=\"a-list-item\">Essayez de ramener tous vos pions \u00e0 la maison avant les autres joueurs, mais soyez prudent ! Si un autre joueur attrape un de vos pions, il le renvoie au d\u00e9but. Le premier joueur \u00e0 r\u00e9cup\u00e9rer toutes ses pi\u00e8ces \u00e0 la maison gagne !<\/span><\/li>\n<li class=\"a-spacing-mini\" style=\"margin: 0px\"><span class=\"a-list-item\">L&rsquo;ensemble MY Ludo contient toutes les pi\u00e8ces n\u00e9cessaires et le plateau pliable signifie qu&rsquo;il est simple \u00e0 ouvrir et tout aussi simple \u00e0 ranger !<\/span><\/li>\n<li class=\"a-spacing-mini\" style=\"margin: 0px\"><span class=\"a-list-item\">Le jeu MY Ludo est id\u00e9al pour 2 \u00e0 4 joueurs.<\/span><\/li>\n<li class=\"a-spacing-mini\" style=\"margin: 0px\"><span class=\"a-list-item\">Convient aux 6 ans et plus<\/span><\/li>\n<\/ul>\n","protected":false},"excerpt":{"rendered":"<p>Un jeu traditionnel pour toute la famille, petits et grands peuvent s&rsquo;affronter avec un jeu classique de Ludo ! Essayez de ramener tous vos pions \u00e0 la maison avant les autres joueurs, mais soyez prudent ! Si un autre joueur attrape un de vos pions, il le renvoie au d\u00e9but. Le premier joueur \u00e0 r\u00e9cup\u00e9rer &hellip; <br \/><a href=\"https:\/\/aboubusinesscompany.com\/?product=ludo-magnetic-game-portatif\" class=\"more-link\">Continue reading <span class=\"screen-reader-text\">Ludo (magnetic game, portatif)<\/span><\/a><\/p>\n","protected":false},"featured_media":8048,"comment_status":"open","ping_status":"closed","template":"","meta":[],"product_brand":[],"product_cat":[297],"product_tag":[],"class_list":{"0":"post-8051","1":"product","2":"type-product","3":"status-publish","4":"has-post-thumbnail","6":"product_cat-divers","8":"first","9":"instock","10":"sale","11":"shipping-taxable","12":"purchasable","13":"product-type-simple"},"jetpack_sharing_enabled":true,"_links":{"self":[{"href":"https:\/\/aboubusinesscompany.com\/index.php?rest_route=\/wp\/v2\/product\/8051","targetHints":{"allow":["GET"]}}],"collection":[{"href":"https:\/\/aboubusinesscompany.com\/index.php?rest_route=\/wp\/v2\/product"}],"about":[{"href":"https:\/\/aboubusinesscompany.com\/index.php?rest_route=\/wp\/v2\/types\/product"}],"replies":[{"embeddable":true,"href":"https:\/\/aboubusinesscompany.com\/index.php?rest_route=%2Fwp%2Fv2%2Fcomments&post=8051"}],"version-history":[{"count":1,"href":"https:\/\/aboubusinesscompany.com\/index.php?rest_route=\/wp\/v2\/product\/8051\/revisions"}],"predecessor-version":[{"id":8074,"href":"https:\/\/aboubusinesscompany.com\/index.php?rest_route=\/wp\/v2\/product\/8051\/revisions\/8074"}],"wp:featuredmedia":[{"embeddable":true,"href":"https:\/\/aboubusinesscompany.com\/index.php?rest_route=\/wp\/v2\/media\/8048"}],"wp:attachment":[{"href":"https:\/\/aboubusinesscompany.com\/index.php?rest_route=%2Fwp%2Fv2%2Fmedia&parent=8051"}],"wp:term":[{"taxonomy":"product_brand","embeddable":true,"href":"https:\/\/aboubusinesscompany.com\/index.php?rest_route=%2Fwp%2Fv2%2Fproduct_brand&post=8051"},{"taxonomy":"product_cat","embeddable":true,"href":"https:\/\/aboubusinesscompany.com\/index.php?rest_route=%2Fwp%2Fv2%2Fproduct_cat&post=8051"},{"taxonomy":"product_tag","embeddable":true,"href":"https:\/\/aboubusinesscompany.com\/index.php?rest_route=%2Fwp%2Fv2%2Fproduct_tag&post=8051"}],"curies":[{"name":"wp","href":"https:\/\/api.w.org\/{rel}","templated":true}]}}