{"id":8083,"date":"2024-09-13T13:36:18","date_gmt":"2024-09-13T11:36:18","guid":{"rendered":"https:\/\/aboubusinesscompany.com\/?product=rgb-video-light-portable-led-camera-light-panel-full-color-rechargeable-dslr-lighting-for-vlog-photography-video-conference"},"modified":"2025-05-22T22:01:19","modified_gmt":"2025-05-22T20:01:19","slug":"rgb-video-light-portable-led-camera-light-panel-full-color-rechargeable-dslr-lighting-for-vlog-photography-video-conference","status":"publish","type":"product","link":"https:\/\/aboubusinesscompany.com\/?product=rgb-video-light-portable-led-camera-light-panel-full-color-rechargeable-dslr-lighting-for-vlog-photography-video-conference","title":{"rendered":"RGB Video Light Portable LED Camera Light Panel Full Color Rechargeable DSLR Lighting for Vlog Photography, Video Conference"},"content":{"rendered":"<p>Lumi\u00e8re vid\u00e9o RVB Panneau lumineux LED portable pour appareil photo DSLR rechargeable en couleur pour photographie Vlog, vid\u00e9oconf\u00e9rence&#8230;<\/p>\n","protected":false},"excerpt":{"rendered":"<p>Lumi\u00e8re vid\u00e9o RVB Panneau lumineux LED portable pour appareil photo DSLR rechargeable en couleur pour photographie Vlog, vid\u00e9oconf\u00e9rence&#8230;<\/p>\n","protected":false},"featured_media":8465,"comment_status":"open","ping_status":"closed","template":"","meta":[],"product_brand":[],"product_cat":[296],"product_tag":[],"class_list":{"0":"post-8083","1":"product","2":"type-product","3":"status-publish","4":"has-post-thumbnail","6":"product_cat-multimedia","8":"first","9":"instock","10":"sale","11":"shipping-taxable","12":"purchasable","13":"product-type-simple"},"jetpack_sharing_enabled":true,"_links":{"self":[{"href":"https:\/\/aboubusinesscompany.com\/index.php?rest_route=\/wp\/v2\/product\/8083","targetHints":{"allow":["GET"]}}],"collection":[{"href":"https:\/\/aboubusinesscompany.com\/index.php?rest_route=\/wp\/v2\/product"}],"about":[{"href":"https:\/\/aboubusinesscompany.com\/index.php?rest_route=\/wp\/v2\/types\/product"}],"replies":[{"embeddable":true,"href":"https:\/\/aboubusinesscompany.com\/index.php?rest_route=%2Fwp%2Fv2%2Fcomments&post=8083"}],"version-history":[{"count":0,"href":"https:\/\/aboubusinesscompany.com\/index.php?rest_route=\/wp\/v2\/product\/8083\/revisions"}],"wp:featuredmedia":[{"embeddable":true,"href":"https:\/\/aboubusinesscompany.com\/index.php?rest_route=\/wp\/v2\/media\/8465"}],"wp:attachment":[{"href":"https:\/\/aboubusinesscompany.com\/index.php?rest_route=%2Fwp%2Fv2%2Fmedia&parent=8083"}],"wp:term":[{"taxonomy":"product_brand","embeddable":true,"href":"https:\/\/aboubusinesscompany.com\/index.php?rest_route=%2Fwp%2Fv2%2Fproduct_brand&post=8083"},{"taxonomy":"product_cat","embeddable":true,"href":"https:\/\/aboubusinesscompany.com\/index.php?rest_route=%2Fwp%2Fv2%2Fproduct_cat&post=8083"},{"taxonomy":"product_tag","embeddable":true,"href":"https:\/\/aboubusinesscompany.com\/index.php?rest_route=%2Fwp%2Fv2%2Fproduct_tag&post=8083"}],"curies":[{"name":"wp","href":"https:\/\/api.w.org\/{rel}","templated":true}]}}