{"id":8111,"date":"2024-10-02T23:05:46","date_gmt":"2024-10-02T21:05:46","guid":{"rendered":"https:\/\/aboubusinesscompany.com\/?post_type=product&#038;p=8111"},"modified":"2026-04-14T11:37:15","modified_gmt":"2026-04-14T09:37:15","slug":"el-mordjene-bueno-white-el-mordjene-350g","status":"publish","type":"product","link":"https:\/\/aboubusinesscompany.com\/?product=el-mordjene-bueno-white-el-mordjene-350g","title":{"rendered":"El Mordjene Bueno White El Mordjene 350g"},"content":{"rendered":"<p><span style=\"font-family: Brown, Arial, sans-serif;font-size: 22px;font-style: normal;font-weight: 700;letter-spacing: normal;text-align: start;text-indent: 0px;text-transform: none;text-decoration: none;float: none\">Vous avez forc\u00e9ment d\u00e9j\u00e0 entendu parler de la p\u00e2te \u00e0 tartiner El Mordjene au go\u00fbt de Kinder Bueno, tout droit venue d&rsquo;Alg\u00e9rie : depuis cet \u00e9t\u00e9, elle cartonne sur TikTok. Des chocolatiers du Pays de Bray ont lanc\u00e9 leur propre version, 100% Normande et tout aussi irr\u00e9sistible.<\/span><\/p>\n","protected":false},"excerpt":{"rendered":"<p>Vous avez forc\u00e9ment d\u00e9j\u00e0 entendu parler de la p\u00e2te \u00e0 tartiner El Mordjene au go\u00fbt de Kinder Bueno, tout droit venue d&rsquo;Alg\u00e9rie : depuis cet \u00e9t\u00e9, elle cartonne sur TikTok. Des chocolatiers du Pays de Bray ont lanc\u00e9 leur propre version, 100% Normande et tout aussi irr\u00e9sistible.<\/p>\n","protected":false},"featured_media":8318,"comment_status":"open","ping_status":"closed","template":"","meta":[],"product_brand":[],"product_cat":[15,292],"product_tag":[],"class_list":{"0":"post-8111","1":"product","2":"type-product","3":"status-publish","4":"has-post-thumbnail","6":"product_cat-non-classe","7":"product_cat-agro-alimentaire","9":"first","10":"instock","11":"sale","12":"shipping-taxable","13":"purchasable","14":"product-type-simple"},"jetpack_sharing_enabled":true,"_links":{"self":[{"href":"https:\/\/aboubusinesscompany.com\/index.php?rest_route=\/wp\/v2\/product\/8111","targetHints":{"allow":["GET"]}}],"collection":[{"href":"https:\/\/aboubusinesscompany.com\/index.php?rest_route=\/wp\/v2\/product"}],"about":[{"href":"https:\/\/aboubusinesscompany.com\/index.php?rest_route=\/wp\/v2\/types\/product"}],"replies":[{"embeddable":true,"href":"https:\/\/aboubusinesscompany.com\/index.php?rest_route=%2Fwp%2Fv2%2Fcomments&post=8111"}],"version-history":[{"count":1,"href":"https:\/\/aboubusinesscompany.com\/index.php?rest_route=\/wp\/v2\/product\/8111\/revisions"}],"predecessor-version":[{"id":8112,"href":"https:\/\/aboubusinesscompany.com\/index.php?rest_route=\/wp\/v2\/product\/8111\/revisions\/8112"}],"wp:featuredmedia":[{"embeddable":true,"href":"https:\/\/aboubusinesscompany.com\/index.php?rest_route=\/wp\/v2\/media\/8318"}],"wp:attachment":[{"href":"https:\/\/aboubusinesscompany.com\/index.php?rest_route=%2Fwp%2Fv2%2Fmedia&parent=8111"}],"wp:term":[{"taxonomy":"product_brand","embeddable":true,"href":"https:\/\/aboubusinesscompany.com\/index.php?rest_route=%2Fwp%2Fv2%2Fproduct_brand&post=8111"},{"taxonomy":"product_cat","embeddable":true,"href":"https:\/\/aboubusinesscompany.com\/index.php?rest_route=%2Fwp%2Fv2%2Fproduct_cat&post=8111"},{"taxonomy":"product_tag","embeddable":true,"href":"https:\/\/aboubusinesscompany.com\/index.php?rest_route=%2Fwp%2Fv2%2Fproduct_tag&post=8111"}],"curies":[{"name":"wp","href":"https:\/\/api.w.org\/{rel}","templated":true}]}}