{"id":8388,"date":"2025-03-16T00:23:50","date_gmt":"2025-03-15T23:23:50","guid":{"rendered":"https:\/\/aboubusinesscompany.com\/?product=chocolat-dubai-190-g"},"modified":"2026-02-27T22:42:42","modified_gmt":"2026-02-27T21:42:42","slug":"chocolat-dubai-190-g","status":"publish","type":"product","link":"https:\/\/aboubusinesscompany.com\/?product=chocolat-dubai-190-g","title":{"rendered":"Chocolat Duba\u00ef 190 g"},"content":{"rendered":"<ul class=\"a-unordered-list a-vertical a-spacing-none\">\n<li class=\"a-spacing-mini\" style=\"margin: 0px\"><span class=\"a-list-item\" style=\"color: var(--__N4QdCheV6mGo,#0f1111)\">\ud83d\ude01<\/span><span class=\"a-list-item\" style=\"color: var(--__N4QdCheV6mGo,#0f1111)\">Chocolat Duba\u00ef exquis avec cr\u00e8me de pistache : profitez de la d\u00e9licieuse combinaison de chocolat de Duba\u00ef le plus fin et d&rsquo;une d\u00e9licate cr\u00e8me de pistache \u2013 un vrai plaisir pour tout amateur de chocolat.<\/span><\/li>\n<li class=\"a-spacing-mini\" style=\"margin: 0px\"><span class=\"a-list-item\" style=\"color: var(--__N4QdCheV6mGo,#0f1111)\">\ud83e\udd24<\/span><span class=\"a-list-item\" style=\"color: var(--__N4QdCheV6mGo,#0f1111)\">Fils de p\u00e2te traditionnels Kadayif &amp; pistaches : la combinaison unique de fils de p\u00e2te kadayif croustillants et de pistache de haute qualit\u00e9 donne \u00e0 ce chocolat de Duba\u00ef une texture et un ar\u00f4me distinctifs.<\/span><\/li>\n<li class=\"a-spacing-mini\" style=\"margin: 0px\"><span class=\"a-list-item\" style=\"color: var(--__N4QdCheV6mGo,#0f1111)\">\ud83e\udd73<\/span><span class=\"a-list-item\" style=\"color: var(--__N4QdCheV6mGo,#0f1111)\">Chocolat original Duba\u00ef \u2013 Cadeau id\u00e9al : le chocolat WeNatur Duba\u00ef n&rsquo;est pas seulement un r\u00e9gal pour vous-m\u00eame, mais aussi le cadeau parfait pour toute occasion \u2013 un v\u00e9ritable accroche-regard pour les fans de bonbons<\/span><\/li>\n<li class=\"a-spacing-mini\" style=\"margin: 0px\"><span class=\"a-list-item\" style=\"color: var(--__N4QdCheV6mGo,#0f1111)\">\ud83d\ude0e<\/span><span class=\"a-list-item\" style=\"color: var(--__N4QdCheV6mGo,#0f1111)\">Nombreuses utilisations : parfaites pour la fontaine \u00e0 chocolat ou pour profiter de l&rsquo;exp\u00e9rience Duba\u00ef Magic \u00e0 la maison.<\/span><\/li>\n<li class=\"a-spacing-mini\" style=\"margin: 0px\"><span class=\"a-list-item\" style=\"color: var(--__N4QdCheV6mGo,#0f1111)\">\ud83d\ude0d<\/span><span class=\"a-list-item\" style=\"color: var(--__N4QdCheV6mGo,#0f1111)\">Saveur authentique et ingr\u00e9dients de qualit\u00e9 sup\u00e9rieure : fabriqu\u00e9 \u00e0 partir d&rsquo;ingr\u00e9dients raffin\u00e9s pour un chocolat Duba\u00ef original de la meilleure qualit\u00e9 qui apporte le go\u00fbt et le charme de l&rsquo;Orient \u00e0 chaque pi\u00e8ce.<\/span><\/li>\n<li class=\"a-spacing-mini\" style=\"margin: 0px\"><span class=\"a-list-item\" style=\"color: var(--__N4QdCheV6mGo,#0f1111)\">\ud83d\ude07<\/span><span class=\"a-list-item\" style=\"color: var(--__N4QdCheV6mGo,#0f1111)\">Plaisir g\u00e9n\u00e9reux : avec 200 g de notre d\u00e9licieux chocolat Duba\u00ef, vous pouvez profiter pleinement du go\u00fbt luxueux et vous dorloter \u00e0 votre guise !<\/span><\/li>\n<\/ul>\n","protected":false},"excerpt":{"rendered":"<p>\ud83d\ude01Chocolat Duba\u00ef exquis avec cr\u00e8me de pistache : profitez de la d\u00e9licieuse combinaison de chocolat de Duba\u00ef le plus fin et d&rsquo;une d\u00e9licate cr\u00e8me de pistache \u2013 un vrai plaisir pour tout amateur de chocolat. \ud83e\udd24Fils de p\u00e2te traditionnels Kadayif &amp; pistaches : la combinaison unique de fils de p\u00e2te kadayif croustillants et de pistache &hellip; <br \/><a href=\"https:\/\/aboubusinesscompany.com\/?product=chocolat-dubai-190-g\" class=\"more-link\">Continue reading <span class=\"screen-reader-text\">Chocolat Duba\u00ef 190 g<\/span><\/a><\/p>\n","protected":false},"featured_media":8387,"comment_status":"open","ping_status":"closed","template":"","meta":[],"product_brand":[],"product_cat":[292],"product_tag":[],"class_list":{"0":"post-8388","1":"product","2":"type-product","3":"status-publish","4":"has-post-thumbnail","6":"product_cat-agro-alimentaire","8":"first","9":"instock","10":"sale","11":"shipping-taxable","12":"purchasable","13":"product-type-simple"},"jetpack_sharing_enabled":true,"_links":{"self":[{"href":"https:\/\/aboubusinesscompany.com\/index.php?rest_route=\/wp\/v2\/product\/8388","targetHints":{"allow":["GET"]}}],"collection":[{"href":"https:\/\/aboubusinesscompany.com\/index.php?rest_route=\/wp\/v2\/product"}],"about":[{"href":"https:\/\/aboubusinesscompany.com\/index.php?rest_route=\/wp\/v2\/types\/product"}],"replies":[{"embeddable":true,"href":"https:\/\/aboubusinesscompany.com\/index.php?rest_route=%2Fwp%2Fv2%2Fcomments&post=8388"}],"version-history":[{"count":1,"href":"https:\/\/aboubusinesscompany.com\/index.php?rest_route=\/wp\/v2\/product\/8388\/revisions"}],"predecessor-version":[{"id":8450,"href":"https:\/\/aboubusinesscompany.com\/index.php?rest_route=\/wp\/v2\/product\/8388\/revisions\/8450"}],"wp:featuredmedia":[{"embeddable":true,"href":"https:\/\/aboubusinesscompany.com\/index.php?rest_route=\/wp\/v2\/media\/8387"}],"wp:attachment":[{"href":"https:\/\/aboubusinesscompany.com\/index.php?rest_route=%2Fwp%2Fv2%2Fmedia&parent=8388"}],"wp:term":[{"taxonomy":"product_brand","embeddable":true,"href":"https:\/\/aboubusinesscompany.com\/index.php?rest_route=%2Fwp%2Fv2%2Fproduct_brand&post=8388"},{"taxonomy":"product_cat","embeddable":true,"href":"https:\/\/aboubusinesscompany.com\/index.php?rest_route=%2Fwp%2Fv2%2Fproduct_cat&post=8388"},{"taxonomy":"product_tag","embeddable":true,"href":"https:\/\/aboubusinesscompany.com\/index.php?rest_route=%2Fwp%2Fv2%2Fproduct_tag&post=8388"}],"curies":[{"name":"wp","href":"https:\/\/api.w.org\/{rel}","templated":true}]}}