{"id":8400,"date":"2025-03-20T20:01:53","date_gmt":"2025-03-20T19:01:53","guid":{"rendered":"https:\/\/aboubusinesscompany.com\/?product=fourrage-pistache"},"modified":"2025-03-20T20:01:54","modified_gmt":"2025-03-20T19:01:54","slug":"fourrage-pistache","status":"publish","type":"product","link":"https:\/\/aboubusinesscompany.com\/?product=fourrage-pistache","title":{"rendered":"Fourrage Pistache"},"content":{"rendered":"<p><span style=\"font-family: Rubik, sans-serif;font-size: 18px;font-style: normal;font-weight: 300;letter-spacing: normal;text-align: center;text-indent: 0px;text-transform: none;text-decoration: none;float: none\">Des ingr\u00e9dients de premi\u00e8re qualit\u00e9 soigneusement assembl\u00e9s pour \u00e9veiller vos papilles et inspirer votre cr\u00e9ativit\u00e9 culinaire.<\/span><\/p>\n<p>Chocolat<span style=\"font-family: Rubik, sans-serif;font-size: 18px;font-style: normal;font-weight: 300;letter-spacing: normal;text-align: center;text-indent: 0px;text-transform: none;text-decoration: none;float: none\"> <\/span>Duba\u00ef<span style=\"font-family: Rubik, sans-serif;font-size: 18px;font-style: normal;font-weight: 300;letter-spacing: normal;text-align: center;text-indent: 0px;text-transform: none;text-decoration: none;float: none\"> <\/span><\/p>\n","protected":false},"excerpt":{"rendered":"<p>Des ingr\u00e9dients de premi\u00e8re qualit\u00e9 soigneusement assembl\u00e9s pour \u00e9veiller vos papilles et inspirer votre cr\u00e9ativit\u00e9 culinaire. Chocolat Duba\u00ef<\/p>\n","protected":false},"featured_media":8399,"comment_status":"open","ping_status":"closed","template":"","meta":[],"product_brand":[],"product_cat":[292],"product_tag":[],"class_list":{"0":"post-8400","1":"product","2":"type-product","3":"status-publish","4":"has-post-thumbnail","6":"product_cat-agro-alimentaire","8":"first","9":"instock","10":"sale","11":"shipping-taxable","12":"purchasable","13":"product-type-simple"},"jetpack_sharing_enabled":true,"_links":{"self":[{"href":"https:\/\/aboubusinesscompany.com\/index.php?rest_route=\/wp\/v2\/product\/8400","targetHints":{"allow":["GET"]}}],"collection":[{"href":"https:\/\/aboubusinesscompany.com\/index.php?rest_route=\/wp\/v2\/product"}],"about":[{"href":"https:\/\/aboubusinesscompany.com\/index.php?rest_route=\/wp\/v2\/types\/product"}],"replies":[{"embeddable":true,"href":"https:\/\/aboubusinesscompany.com\/index.php?rest_route=%2Fwp%2Fv2%2Fcomments&post=8400"}],"version-history":[{"count":0,"href":"https:\/\/aboubusinesscompany.com\/index.php?rest_route=\/wp\/v2\/product\/8400\/revisions"}],"wp:featuredmedia":[{"embeddable":true,"href":"https:\/\/aboubusinesscompany.com\/index.php?rest_route=\/wp\/v2\/media\/8399"}],"wp:attachment":[{"href":"https:\/\/aboubusinesscompany.com\/index.php?rest_route=%2Fwp%2Fv2%2Fmedia&parent=8400"}],"wp:term":[{"taxonomy":"product_brand","embeddable":true,"href":"https:\/\/aboubusinesscompany.com\/index.php?rest_route=%2Fwp%2Fv2%2Fproduct_brand&post=8400"},{"taxonomy":"product_cat","embeddable":true,"href":"https:\/\/aboubusinesscompany.com\/index.php?rest_route=%2Fwp%2Fv2%2Fproduct_cat&post=8400"},{"taxonomy":"product_tag","embeddable":true,"href":"https:\/\/aboubusinesscompany.com\/index.php?rest_route=%2Fwp%2Fv2%2Fproduct_tag&post=8400"}],"curies":[{"name":"wp","href":"https:\/\/api.w.org\/{rel}","templated":true}]}}