{"id":8422,"date":"2025-03-30T17:37:32","date_gmt":"2025-03-30T15:37:32","guid":{"rendered":"https:\/\/aboubusinesscompany.com\/?product=lotus-biscuit-spread-smooth-pot-de-creme-lotus-a-la-cannelle-et-au-caramel-de-400g"},"modified":"2026-02-27T22:46:00","modified_gmt":"2026-02-27T21:46:00","slug":"lotus-biscuit-spread-smooth-pot-de-creme-lotus-a-la-cannelle-et-au-caramel-de-400g","status":"publish","type":"product","link":"https:\/\/aboubusinesscompany.com\/?product=lotus-biscuit-spread-smooth-pot-de-creme-lotus-a-la-cannelle-et-au-caramel-de-400g","title":{"rendered":"Lotus Biscuit Spread Smooth, pot de cr\u00e8me Lotus \u00e0 la cannelle et au caramel de 720g"},"content":{"rendered":"<p><span style=\"font-family: Rubik, sans-serif;font-size: 14px;font-style: normal;font-weight: 400;letter-spacing: normal;text-align: start;text-indent: 0px;text-transform: none;text-decoration: none;float: none\">Lotus est la marque qui d\u00e9tient le record de production de ces biscuits, appel\u00e9s exactement Speculoos, qui ont litt\u00e9ralement marqu\u00e9 l&rsquo;histoire de la Belgique. En effet, ils \u00e9taient pr\u00e9par\u00e9s pendant les f\u00eates de No\u00ebl et ce n&rsquo;est que plus tard qu&rsquo;il a \u00e9t\u00e9 d\u00e9cid\u00e9 de donner plus de visibilit\u00e9 \u00e0 ces biscuits, particuli\u00e8rement appr\u00e9ci\u00e9s pour leur go\u00fbt et leur fondant. L&rsquo;id\u00e9e de les r\u00e9duire en une cr\u00e8me \u00e0 tartiner vient d&rsquo;Els Scheppers, un concurrent qui a atteint la demi-finale lors d&rsquo;un show t\u00e9l\u00e9vis\u00e9 pour inventeurs. C&rsquo;est ensuite Lotus qui a achet\u00e9 son id\u00e9e et a produit sur le march\u00e9 cette cr\u00e8me qui fond litt\u00e9ralement en bouche. Parfaite sur du pain de mie, pour garnir un g\u00e2teau ou, pour les plus gourmands, \u00e0 la cuiller. Une recette simple mais pleine de go\u00fbt, o\u00f9 c&rsquo;est justement la cannelle et le caramel qui apportent cette touche magique en plus. Ne la manquez pas&#8230; achetez maintenant !<\/span><\/p>\n","protected":false},"excerpt":{"rendered":"<p>Lotus est la marque qui d\u00e9tient le record de production de ces biscuits, appel\u00e9s exactement Speculoos, qui ont litt\u00e9ralement marqu\u00e9 l&rsquo;histoire de la Belgique. En effet, ils \u00e9taient pr\u00e9par\u00e9s pendant les f\u00eates de No\u00ebl et ce n&rsquo;est que plus tard qu&rsquo;il a \u00e9t\u00e9 d\u00e9cid\u00e9 de donner plus de visibilit\u00e9 \u00e0 ces biscuits, particuli\u00e8rement appr\u00e9ci\u00e9s pour &hellip; <br \/><a href=\"https:\/\/aboubusinesscompany.com\/?product=lotus-biscuit-spread-smooth-pot-de-creme-lotus-a-la-cannelle-et-au-caramel-de-400g\" class=\"more-link\">Continue reading <span class=\"screen-reader-text\">Lotus Biscuit Spread Smooth, pot de cr\u00e8me Lotus \u00e0 la cannelle et au caramel de 720g<\/span><\/a><\/p>\n","protected":false},"featured_media":8421,"comment_status":"open","ping_status":"closed","template":"","meta":[],"product_brand":[],"product_cat":[292],"product_tag":[],"class_list":{"0":"post-8422","1":"product","2":"type-product","3":"status-publish","4":"has-post-thumbnail","6":"product_cat-agro-alimentaire","8":"first","9":"instock","10":"sale","11":"shipping-taxable","12":"purchasable","13":"product-type-simple"},"jetpack_sharing_enabled":true,"_links":{"self":[{"href":"https:\/\/aboubusinesscompany.com\/index.php?rest_route=\/wp\/v2\/product\/8422","targetHints":{"allow":["GET"]}}],"collection":[{"href":"https:\/\/aboubusinesscompany.com\/index.php?rest_route=\/wp\/v2\/product"}],"about":[{"href":"https:\/\/aboubusinesscompany.com\/index.php?rest_route=\/wp\/v2\/types\/product"}],"replies":[{"embeddable":true,"href":"https:\/\/aboubusinesscompany.com\/index.php?rest_route=%2Fwp%2Fv2%2Fcomments&post=8422"}],"version-history":[{"count":1,"href":"https:\/\/aboubusinesscompany.com\/index.php?rest_route=\/wp\/v2\/product\/8422\/revisions"}],"predecessor-version":[{"id":8914,"href":"https:\/\/aboubusinesscompany.com\/index.php?rest_route=\/wp\/v2\/product\/8422\/revisions\/8914"}],"wp:featuredmedia":[{"embeddable":true,"href":"https:\/\/aboubusinesscompany.com\/index.php?rest_route=\/wp\/v2\/media\/8421"}],"wp:attachment":[{"href":"https:\/\/aboubusinesscompany.com\/index.php?rest_route=%2Fwp%2Fv2%2Fmedia&parent=8422"}],"wp:term":[{"taxonomy":"product_brand","embeddable":true,"href":"https:\/\/aboubusinesscompany.com\/index.php?rest_route=%2Fwp%2Fv2%2Fproduct_brand&post=8422"},{"taxonomy":"product_cat","embeddable":true,"href":"https:\/\/aboubusinesscompany.com\/index.php?rest_route=%2Fwp%2Fv2%2Fproduct_cat&post=8422"},{"taxonomy":"product_tag","embeddable":true,"href":"https:\/\/aboubusinesscompany.com\/index.php?rest_route=%2Fwp%2Fv2%2Fproduct_tag&post=8422"}],"curies":[{"name":"wp","href":"https:\/\/api.w.org\/{rel}","templated":true}]}}