{"id":8424,"date":"2025-03-30T17:40:01","date_gmt":"2025-03-30T15:40:01","guid":{"rendered":"https:\/\/aboubusinesscompany.com\/?product=kinder-schoko-bons"},"modified":"2025-05-22T21:48:44","modified_gmt":"2025-05-22T19:48:44","slug":"kinder-schoko-bons","status":"publish","type":"product","link":"https:\/\/aboubusinesscompany.com\/?product=kinder-schoko-bons","title":{"rendered":"Kinder Schoko-Bons"},"content":{"rendered":"<p>Kinder Schoko-Bons, c&rsquo;est un d\u00e9licieux bonbon au chocolat<\/p>\n<p>Kinder sublim\u00e9 par une recette gourmande aux \u00e9clats de noisettes, dans un format id\u00e9al pour le partage.<\/p>\n<p>Ingr\u00e9dients<\/p>\n<p>chocolat sup\u00e9rieur au LAIT 50% (sucre, LAIT en poudre, beurre de cacao, p\u00e2te de cacao, \u00e9mulsifiants : l\u00e9cithines SOJA, vanilline), sucre, LAIT \u00e9cr\u00e9m\u00e9 en poudre 12,5%, huile de palme, NOISETTES 5,8%, BEURRE concentr\u00e9, chocolat noir (sucre, p\u00e2te de cacao, beurre de cacao, \u00e9mulsifiants : l\u00e9cithines SOJA; vanilline), agent d&rsquo;enrobage: gomme arabique; sirop de glucose, \u00e9mulsifiants: l\u00e9cithines SOJA; vanilline. Sur le total :<\/p>\n<p>produits laitiers 28%, cacao 16,5%.Le chocolat utilis\u00e9 est un chocolat pur beurre de cacao.<\/p>\n","protected":false},"excerpt":{"rendered":"<p>Kinder Schoko-Bons, c&rsquo;est un d\u00e9licieux bonbon au chocolat Kinder sublim\u00e9 par une recette gourmande aux \u00e9clats de noisettes, dans un format id\u00e9al pour le partage. Ingr\u00e9dients chocolat sup\u00e9rieur au LAIT 50% (sucre, LAIT en poudre, beurre de cacao, p\u00e2te de cacao, \u00e9mulsifiants : l\u00e9cithines SOJA, vanilline), sucre, LAIT \u00e9cr\u00e9m\u00e9 en poudre 12,5%, huile de palme, &hellip; <br \/><a href=\"https:\/\/aboubusinesscompany.com\/?product=kinder-schoko-bons\" class=\"more-link\">Continue reading <span class=\"screen-reader-text\">Kinder Schoko-Bons<\/span><\/a><\/p>\n","protected":false},"featured_media":8423,"comment_status":"open","ping_status":"closed","template":"","meta":[],"product_brand":[],"product_cat":[292],"product_tag":[],"class_list":{"0":"post-8424","1":"product","2":"type-product","3":"status-publish","4":"has-post-thumbnail","6":"product_cat-agro-alimentaire","8":"first","9":"instock","10":"sale","11":"shipping-taxable","12":"purchasable","13":"product-type-simple"},"jetpack_sharing_enabled":true,"_links":{"self":[{"href":"https:\/\/aboubusinesscompany.com\/index.php?rest_route=\/wp\/v2\/product\/8424","targetHints":{"allow":["GET"]}}],"collection":[{"href":"https:\/\/aboubusinesscompany.com\/index.php?rest_route=\/wp\/v2\/product"}],"about":[{"href":"https:\/\/aboubusinesscompany.com\/index.php?rest_route=\/wp\/v2\/types\/product"}],"replies":[{"embeddable":true,"href":"https:\/\/aboubusinesscompany.com\/index.php?rest_route=%2Fwp%2Fv2%2Fcomments&post=8424"}],"version-history":[{"count":1,"href":"https:\/\/aboubusinesscompany.com\/index.php?rest_route=\/wp\/v2\/product\/8424\/revisions"}],"predecessor-version":[{"id":8425,"href":"https:\/\/aboubusinesscompany.com\/index.php?rest_route=\/wp\/v2\/product\/8424\/revisions\/8425"}],"wp:featuredmedia":[{"embeddable":true,"href":"https:\/\/aboubusinesscompany.com\/index.php?rest_route=\/wp\/v2\/media\/8423"}],"wp:attachment":[{"href":"https:\/\/aboubusinesscompany.com\/index.php?rest_route=%2Fwp%2Fv2%2Fmedia&parent=8424"}],"wp:term":[{"taxonomy":"product_brand","embeddable":true,"href":"https:\/\/aboubusinesscompany.com\/index.php?rest_route=%2Fwp%2Fv2%2Fproduct_brand&post=8424"},{"taxonomy":"product_cat","embeddable":true,"href":"https:\/\/aboubusinesscompany.com\/index.php?rest_route=%2Fwp%2Fv2%2Fproduct_cat&post=8424"},{"taxonomy":"product_tag","embeddable":true,"href":"https:\/\/aboubusinesscompany.com\/index.php?rest_route=%2Fwp%2Fv2%2Fproduct_tag&post=8424"}],"curies":[{"name":"wp","href":"https:\/\/api.w.org\/{rel}","templated":true}]}}