{"id":8435,"date":"2025-04-05T09:39:57","date_gmt":"2025-04-05T07:39:57","guid":{"rendered":"https:\/\/aboubusinesscompany.com\/?product=fanta-strawberry-boisson-a-la-fraise-de-355-ml"},"modified":"2025-04-05T09:40:13","modified_gmt":"2025-04-05T07:40:13","slug":"fanta-strawberry-boisson-a-la-fraise-de-355-ml","status":"publish","type":"product","link":"https:\/\/aboubusinesscompany.com\/?product=fanta-strawberry-boisson-a-la-fraise-de-355-ml","title":{"rendered":"Fanta Strawberry, boisson \u00e0 la fraise de 355 ml"},"content":{"rendered":"<p><span style=\"font-family: Rubik, sans-serif;font-size: 14px;font-style: normal;font-weight: 400;letter-spacing: normal;text-align: start;text-indent: 0px;text-transform: none;text-decoration: none;float: none\">Canette de Fanta Strawberry de 355 ml, rouge comme la fraise dont elle red\u00e9couvre le go\u00fbt et la saveur dans cette nouvelle version Fanta. P\u00e9tillante, douce, tr\u00e8s agr\u00e9able \u00e0 boire (et \u00e0 offrir), Fanta Strawberry est<\/span><span style=\"font-family: Rubik, sans-serif;font-size: 14px;font-style: normal;font-weight: 400;letter-spacing: normal;text-align: start;text-indent: 0px;text-transform: none;text-decoration: none;float: none\"><span class=\"Apple-converted-space\">&nbsp;<\/span><\/span><em style=\"font-style: italic;font-family: Rubik, sans-serif;font-size: 14px;font-weight: 400;letter-spacing: normal;text-align: start;text-indent: 0px;text-transform: none;text-decoration: none\">caffeine free<\/em><span style=\"font-family: Rubik, sans-serif;font-size: 14px;font-style: normal;font-weight: 400;letter-spacing: normal;text-align: start;text-indent: 0px;text-transform: none;text-decoration: none;float: none\"><span class=\"Apple-converted-space\">&nbsp;<\/span><\/span><span style=\"font-family: Rubik, sans-serif;font-size: 14px;font-style: normal;font-weight: 400;letter-spacing: normal;text-align: start;text-indent: 0px;text-transform: none;text-decoration: none;float: none\">et contient des<\/span><span style=\"font-family: Rubik, sans-serif;font-size: 14px;font-style: normal;font-weight: 400;letter-spacing: normal;text-align: start;text-indent: 0px;text-transform: none;text-decoration: none;float: none\"><span class=\"Apple-converted-space\">&nbsp;<\/span><\/span><em style=\"font-style: italic;font-family: Rubik, sans-serif;font-size: 14px;font-weight: 400;letter-spacing: normal;text-align: start;text-indent: 0px;text-transform: none;text-decoration: none\">ar\u00f4mes naturels<\/em><span style=\"font-family: Rubik, sans-serif;font-size: 14px;font-style: normal;font-weight: 400;letter-spacing: normal;text-align: start;text-indent: 0px;text-transform: none;text-decoration: none;float: none\"><span class=\"Apple-converted-space\">&nbsp;<\/span><\/span><span style=\"font-family: Rubik, sans-serif;font-size: 14px;font-style: normal;font-weight: 400;letter-spacing: normal;text-align: start;text-indent: 0px;text-transform: none;text-decoration: none;float: none\">! Bref, \u00e0 ne pas manquer : l&rsquo;Am\u00e9rique chez toi, avec un clic. Ne rate pas celle-ci et toutes les autres variantes Fanta pr\u00e9sentes dans ma boutique en ligne.<\/span><\/p>\n","protected":false},"excerpt":{"rendered":"<p>Canette de Fanta Strawberry de 355 ml, rouge comme la fraise dont elle red\u00e9couvre le go\u00fbt et la saveur dans cette nouvelle version Fanta. P\u00e9tillante, douce, tr\u00e8s agr\u00e9able \u00e0 boire (et \u00e0 offrir), Fanta Strawberry est&nbsp;caffeine free&nbsp;et contient des&nbsp;ar\u00f4mes naturels&nbsp;! Bref, \u00e0 ne pas manquer : l&rsquo;Am\u00e9rique chez toi, avec un clic. Ne rate pas &hellip; <br \/><a href=\"https:\/\/aboubusinesscompany.com\/?product=fanta-strawberry-boisson-a-la-fraise-de-355-ml\" class=\"more-link\">Continue reading <span class=\"screen-reader-text\">Fanta Strawberry, boisson \u00e0 la fraise de 355 ml<\/span><\/a><\/p>\n","protected":false},"featured_media":8434,"comment_status":"open","ping_status":"closed","template":"","meta":[],"product_brand":[],"product_cat":[15,292],"product_tag":[],"class_list":{"0":"post-8435","1":"product","2":"type-product","3":"status-publish","4":"has-post-thumbnail","6":"product_cat-non-classe","7":"product_cat-agro-alimentaire","9":"first","10":"instock","11":"sale","12":"shipping-taxable","13":"purchasable","14":"product-type-simple"},"jetpack_sharing_enabled":true,"_links":{"self":[{"href":"https:\/\/aboubusinesscompany.com\/index.php?rest_route=\/wp\/v2\/product\/8435","targetHints":{"allow":["GET"]}}],"collection":[{"href":"https:\/\/aboubusinesscompany.com\/index.php?rest_route=\/wp\/v2\/product"}],"about":[{"href":"https:\/\/aboubusinesscompany.com\/index.php?rest_route=\/wp\/v2\/types\/product"}],"replies":[{"embeddable":true,"href":"https:\/\/aboubusinesscompany.com\/index.php?rest_route=%2Fwp%2Fv2%2Fcomments&post=8435"}],"version-history":[{"count":1,"href":"https:\/\/aboubusinesscompany.com\/index.php?rest_route=\/wp\/v2\/product\/8435\/revisions"}],"predecessor-version":[{"id":8436,"href":"https:\/\/aboubusinesscompany.com\/index.php?rest_route=\/wp\/v2\/product\/8435\/revisions\/8436"}],"wp:featuredmedia":[{"embeddable":true,"href":"https:\/\/aboubusinesscompany.com\/index.php?rest_route=\/wp\/v2\/media\/8434"}],"wp:attachment":[{"href":"https:\/\/aboubusinesscompany.com\/index.php?rest_route=%2Fwp%2Fv2%2Fmedia&parent=8435"}],"wp:term":[{"taxonomy":"product_brand","embeddable":true,"href":"https:\/\/aboubusinesscompany.com\/index.php?rest_route=%2Fwp%2Fv2%2Fproduct_brand&post=8435"},{"taxonomy":"product_cat","embeddable":true,"href":"https:\/\/aboubusinesscompany.com\/index.php?rest_route=%2Fwp%2Fv2%2Fproduct_cat&post=8435"},{"taxonomy":"product_tag","embeddable":true,"href":"https:\/\/aboubusinesscompany.com\/index.php?rest_route=%2Fwp%2Fv2%2Fproduct_tag&post=8435"}],"curies":[{"name":"wp","href":"https:\/\/api.w.org\/{rel}","templated":true}]}}