{"id":8468,"date":"2025-05-22T22:03:15","date_gmt":"2025-05-22T20:03:15","guid":{"rendered":"https:\/\/aboubusinesscompany.com\/?product=kinder-country"},"modified":"2026-02-27T22:43:55","modified_gmt":"2026-02-27T21:43:55","slug":"kinder-country","status":"publish","type":"product","link":"https:\/\/aboubusinesscompany.com\/?product=kinder-country","title":{"rendered":"Kinder country"},"content":{"rendered":"<p><span>Avec Kinder Country, faites vous une petite pause gourmande qui fait plaisir : une recette qui allie le go\u00fbt inimitable du chocolat Kinder et des c\u00e9r\u00e9ales souffl\u00e9es croustillantes !<\/span><\/p>\n","protected":false},"excerpt":{"rendered":"<p>Avec Kinder Country, faites vous une petite pause gourmande qui fait plaisir : une recette qui allie le go\u00fbt inimitable du chocolat Kinder et des c\u00e9r\u00e9ales souffl\u00e9es croustillantes !<\/p>\n","protected":false},"featured_media":8467,"comment_status":"open","ping_status":"closed","template":"","meta":[],"product_brand":[],"product_cat":[15,292],"product_tag":[],"class_list":{"0":"post-8468","1":"product","2":"type-product","3":"status-publish","4":"has-post-thumbnail","6":"product_cat-non-classe","7":"product_cat-agro-alimentaire","9":"first","10":"outofstock","11":"sale","12":"shipping-taxable","13":"purchasable","14":"product-type-simple"},"jetpack_sharing_enabled":true,"_links":{"self":[{"href":"https:\/\/aboubusinesscompany.com\/index.php?rest_route=\/wp\/v2\/product\/8468","targetHints":{"allow":["GET"]}}],"collection":[{"href":"https:\/\/aboubusinesscompany.com\/index.php?rest_route=\/wp\/v2\/product"}],"about":[{"href":"https:\/\/aboubusinesscompany.com\/index.php?rest_route=\/wp\/v2\/types\/product"}],"replies":[{"embeddable":true,"href":"https:\/\/aboubusinesscompany.com\/index.php?rest_route=%2Fwp%2Fv2%2Fcomments&post=8468"}],"version-history":[{"count":0,"href":"https:\/\/aboubusinesscompany.com\/index.php?rest_route=\/wp\/v2\/product\/8468\/revisions"}],"wp:featuredmedia":[{"embeddable":true,"href":"https:\/\/aboubusinesscompany.com\/index.php?rest_route=\/wp\/v2\/media\/8467"}],"wp:attachment":[{"href":"https:\/\/aboubusinesscompany.com\/index.php?rest_route=%2Fwp%2Fv2%2Fmedia&parent=8468"}],"wp:term":[{"taxonomy":"product_brand","embeddable":true,"href":"https:\/\/aboubusinesscompany.com\/index.php?rest_route=%2Fwp%2Fv2%2Fproduct_brand&post=8468"},{"taxonomy":"product_cat","embeddable":true,"href":"https:\/\/aboubusinesscompany.com\/index.php?rest_route=%2Fwp%2Fv2%2Fproduct_cat&post=8468"},{"taxonomy":"product_tag","embeddable":true,"href":"https:\/\/aboubusinesscompany.com\/index.php?rest_route=%2Fwp%2Fv2%2Fproduct_tag&post=8468"}],"curies":[{"name":"wp","href":"https:\/\/api.w.org\/{rel}","templated":true}]}}