{"id":8470,"date":"2025-05-22T22:08:12","date_gmt":"2025-05-22T20:08:12","guid":{"rendered":"https:\/\/aboubusinesscompany.com\/?product=kinder-chocolat"},"modified":"2025-08-02T20:22:50","modified_gmt":"2025-08-02T18:22:50","slug":"kinder-chocolat","status":"publish","type":"product","link":"https:\/\/aboubusinesscompany.com\/?product=kinder-chocolat","title":{"rendered":"Kinder Chocolat"},"content":{"rendered":"<p><span>Un c\u0153ur au lait tendre napp\u00e9 de bon chocolat pour le go\u00fbter des enfants. Tout le bon go\u00fbt du chocolat Kinder dans une portion adapt\u00e9e \u00e0 ses petites mains pour des moments de complicit\u00e9.<\/span><\/p>\n","protected":false},"excerpt":{"rendered":"<p>Un c\u0153ur au lait tendre napp\u00e9 de bon chocolat pour le go\u00fbter des enfants. Tout le bon go\u00fbt du chocolat Kinder dans une portion adapt\u00e9e \u00e0 ses petites mains pour des moments de complicit\u00e9.<\/p>\n","protected":false},"featured_media":8469,"comment_status":"open","ping_status":"closed","template":"","meta":[],"product_brand":[],"product_cat":[292],"product_tag":[],"class_list":{"0":"post-8470","1":"product","2":"type-product","3":"status-publish","4":"has-post-thumbnail","6":"product_cat-agro-alimentaire","8":"first","9":"outofstock","10":"sale","11":"shipping-taxable","12":"purchasable","13":"product-type-simple"},"jetpack_sharing_enabled":true,"_links":{"self":[{"href":"https:\/\/aboubusinesscompany.com\/index.php?rest_route=\/wp\/v2\/product\/8470","targetHints":{"allow":["GET"]}}],"collection":[{"href":"https:\/\/aboubusinesscompany.com\/index.php?rest_route=\/wp\/v2\/product"}],"about":[{"href":"https:\/\/aboubusinesscompany.com\/index.php?rest_route=\/wp\/v2\/types\/product"}],"replies":[{"embeddable":true,"href":"https:\/\/aboubusinesscompany.com\/index.php?rest_route=%2Fwp%2Fv2%2Fcomments&post=8470"}],"version-history":[{"count":0,"href":"https:\/\/aboubusinesscompany.com\/index.php?rest_route=\/wp\/v2\/product\/8470\/revisions"}],"wp:featuredmedia":[{"embeddable":true,"href":"https:\/\/aboubusinesscompany.com\/index.php?rest_route=\/wp\/v2\/media\/8469"}],"wp:attachment":[{"href":"https:\/\/aboubusinesscompany.com\/index.php?rest_route=%2Fwp%2Fv2%2Fmedia&parent=8470"}],"wp:term":[{"taxonomy":"product_brand","embeddable":true,"href":"https:\/\/aboubusinesscompany.com\/index.php?rest_route=%2Fwp%2Fv2%2Fproduct_brand&post=8470"},{"taxonomy":"product_cat","embeddable":true,"href":"https:\/\/aboubusinesscompany.com\/index.php?rest_route=%2Fwp%2Fv2%2Fproduct_cat&post=8470"},{"taxonomy":"product_tag","embeddable":true,"href":"https:\/\/aboubusinesscompany.com\/index.php?rest_route=%2Fwp%2Fv2%2Fproduct_tag&post=8470"}],"curies":[{"name":"wp","href":"https:\/\/api.w.org\/{rel}","templated":true}]}}