{"id":8472,"date":"2025-05-22T22:10:10","date_gmt":"2025-05-22T20:10:10","guid":{"rendered":"https:\/\/aboubusinesscompany.com\/?product=kinder-pingui"},"modified":"2025-05-22T22:10:12","modified_gmt":"2025-05-22T20:10:12","slug":"kinder-pingui","status":"publish","type":"product","link":"https:\/\/aboubusinesscompany.com\/?product=kinder-pingui","title":{"rendered":"KINDER PINGUI"},"content":{"rendered":"<p><span>KINDER PINGUI c&rsquo;est un go\u00fbter au go\u00fbt frais unique qui allie le craquant de son enrobage avec du chocolat, le moelleux de sa g\u00e9noise et la fra\u00eecheur de sa mousse au lait. KINDER PINGUI, une id\u00e9e fra\u00eeche pour le go\u00fbter.<\/span><\/p>\n","protected":false},"excerpt":{"rendered":"<p>KINDER PINGUI c&rsquo;est un go\u00fbter au go\u00fbt frais unique qui allie le craquant de son enrobage avec du chocolat, le moelleux de sa g\u00e9noise et la fra\u00eecheur de sa mousse au lait. KINDER PINGUI, une id\u00e9e fra\u00eeche pour le go\u00fbter.<\/p>\n","protected":false},"featured_media":8471,"comment_status":"open","ping_status":"closed","template":"","meta":[],"product_brand":[],"product_cat":[292],"product_tag":[],"class_list":{"0":"post-8472","1":"product","2":"type-product","3":"status-publish","4":"has-post-thumbnail","6":"product_cat-agro-alimentaire","8":"first","9":"instock","10":"sale","11":"shipping-taxable","12":"purchasable","13":"product-type-simple"},"jetpack_sharing_enabled":true,"_links":{"self":[{"href":"https:\/\/aboubusinesscompany.com\/index.php?rest_route=\/wp\/v2\/product\/8472","targetHints":{"allow":["GET"]}}],"collection":[{"href":"https:\/\/aboubusinesscompany.com\/index.php?rest_route=\/wp\/v2\/product"}],"about":[{"href":"https:\/\/aboubusinesscompany.com\/index.php?rest_route=\/wp\/v2\/types\/product"}],"replies":[{"embeddable":true,"href":"https:\/\/aboubusinesscompany.com\/index.php?rest_route=%2Fwp%2Fv2%2Fcomments&post=8472"}],"version-history":[{"count":0,"href":"https:\/\/aboubusinesscompany.com\/index.php?rest_route=\/wp\/v2\/product\/8472\/revisions"}],"wp:featuredmedia":[{"embeddable":true,"href":"https:\/\/aboubusinesscompany.com\/index.php?rest_route=\/wp\/v2\/media\/8471"}],"wp:attachment":[{"href":"https:\/\/aboubusinesscompany.com\/index.php?rest_route=%2Fwp%2Fv2%2Fmedia&parent=8472"}],"wp:term":[{"taxonomy":"product_brand","embeddable":true,"href":"https:\/\/aboubusinesscompany.com\/index.php?rest_route=%2Fwp%2Fv2%2Fproduct_brand&post=8472"},{"taxonomy":"product_cat","embeddable":true,"href":"https:\/\/aboubusinesscompany.com\/index.php?rest_route=%2Fwp%2Fv2%2Fproduct_cat&post=8472"},{"taxonomy":"product_tag","embeddable":true,"href":"https:\/\/aboubusinesscompany.com\/index.php?rest_route=%2Fwp%2Fv2%2Fproduct_tag&post=8472"}],"curies":[{"name":"wp","href":"https:\/\/api.w.org\/{rel}","templated":true}]}}