{"id":8480,"date":"2025-05-22T22:24:44","date_gmt":"2025-05-22T20:24:44","guid":{"rendered":"https:\/\/aboubusinesscompany.com\/?product=chocolate-dubai-kunafa-pistachio"},"modified":"2025-05-22T22:24:46","modified_gmt":"2025-05-22T20:24:46","slug":"chocolate-dubai-kunafa-pistachio","status":"publish","type":"product","link":"https:\/\/aboubusinesscompany.com\/?product=chocolate-dubai-kunafa-pistachio","title":{"rendered":"Chocolate Dubai Kunafa Pistachio"},"content":{"rendered":"<p>Chocolate KUNAFA PISTACHIO<\/p>\n<p>Ingr\u00e9dients : Beurre de cacao &#8211; Lait entier &#8211; Lait de vache \u00e9cr\u00e9m\u00e9 &#8211; Poudre de cacao &#8211; Pistaches &#8211; Amandes &#8211; \u00c9mulsifiant de soja Nicitin (4322) &#8211; Sucre &#8211; Ar\u00f4me naturel identique de Manille &#8211; Kunafa<\/p>\n<p>Avertissements concernant les allergies&nbsp;:<\/p>\n<p>Le produit contient du lait, du soja, des noix et du gluten. Conserver dans un endroit frais et sec. A l&rsquo;abri du soleil<\/p>\n<p>Ingr\u00e9dients : Beurre de cacao &#8211; lait de vache entier &#8211; lait de vache \u00e9cr\u00e9m\u00e9 &#8211; cacao en poudre &#8211; noix (pistache, amande, noisette) &#8211; \u00e9mulsifiant : l\u00e9cithine de soja (E322) &#8211; sucre &#8211; ar\u00f4me naturel &#8211; vanille &#8211; Kunafa.<\/p>\n<p>Avertissement allerg\u00e8nes :<\/p>\n<p>Ce produit contient du lait, du soja, des noix et du gluten. \u00c0 conserver dans un endroit frais et sec, \u00e0 l&rsquo;abri de la lumi\u00e8re directe du soleil.<\/p>\n","protected":false},"excerpt":{"rendered":"<p>Chocolate KUNAFA PISTACHIO Ingr\u00e9dients : Beurre de cacao &#8211; Lait entier &#8211; Lait de vache \u00e9cr\u00e9m\u00e9 &#8211; Poudre de cacao &#8211; Pistaches &#8211; Amandes &#8211; \u00c9mulsifiant de soja Nicitin (4322) &#8211; Sucre &#8211; Ar\u00f4me naturel identique de Manille &#8211; Kunafa Avertissements concernant les allergies&nbsp;: Le produit contient du lait, du soja, des noix et du &hellip; <br \/><a href=\"https:\/\/aboubusinesscompany.com\/?product=chocolate-dubai-kunafa-pistachio\" class=\"more-link\">Continue reading <span class=\"screen-reader-text\">Chocolate Dubai Kunafa Pistachio<\/span><\/a><\/p>\n","protected":false},"featured_media":8476,"comment_status":"open","ping_status":"closed","template":"","meta":[],"product_brand":[],"product_cat":[292],"product_tag":[],"class_list":{"0":"post-8480","1":"product","2":"type-product","3":"status-publish","4":"has-post-thumbnail","6":"product_cat-agro-alimentaire","8":"first","9":"instock","10":"sale","11":"shipping-taxable","12":"purchasable","13":"product-type-simple"},"jetpack_sharing_enabled":true,"_links":{"self":[{"href":"https:\/\/aboubusinesscompany.com\/index.php?rest_route=\/wp\/v2\/product\/8480","targetHints":{"allow":["GET"]}}],"collection":[{"href":"https:\/\/aboubusinesscompany.com\/index.php?rest_route=\/wp\/v2\/product"}],"about":[{"href":"https:\/\/aboubusinesscompany.com\/index.php?rest_route=\/wp\/v2\/types\/product"}],"replies":[{"embeddable":true,"href":"https:\/\/aboubusinesscompany.com\/index.php?rest_route=%2Fwp%2Fv2%2Fcomments&post=8480"}],"version-history":[{"count":0,"href":"https:\/\/aboubusinesscompany.com\/index.php?rest_route=\/wp\/v2\/product\/8480\/revisions"}],"wp:featuredmedia":[{"embeddable":true,"href":"https:\/\/aboubusinesscompany.com\/index.php?rest_route=\/wp\/v2\/media\/8476"}],"wp:attachment":[{"href":"https:\/\/aboubusinesscompany.com\/index.php?rest_route=%2Fwp%2Fv2%2Fmedia&parent=8480"}],"wp:term":[{"taxonomy":"product_brand","embeddable":true,"href":"https:\/\/aboubusinesscompany.com\/index.php?rest_route=%2Fwp%2Fv2%2Fproduct_brand&post=8480"},{"taxonomy":"product_cat","embeddable":true,"href":"https:\/\/aboubusinesscompany.com\/index.php?rest_route=%2Fwp%2Fv2%2Fproduct_cat&post=8480"},{"taxonomy":"product_tag","embeddable":true,"href":"https:\/\/aboubusinesscompany.com\/index.php?rest_route=%2Fwp%2Fv2%2Fproduct_tag&post=8480"}],"curies":[{"name":"wp","href":"https:\/\/api.w.org\/{rel}","templated":true}]}}