{"id":8553,"date":"2025-06-26T21:11:12","date_gmt":"2025-06-26T19:11:12","guid":{"rendered":"https:\/\/aboubusinesscompany.com\/?product=biscuits-speculoos-original-lotus-biscoff"},"modified":"2026-04-07T17:51:58","modified_gmt":"2026-04-07T15:51:58","slug":"biscuits-speculoos-original-lotus-biscoff","status":"publish","type":"product","link":"https:\/\/aboubusinesscompany.com\/?product=biscuits-speculoos-original-lotus-biscoff","title":{"rendered":"Biscuits Sp\u00e9culoos Original LOTUS BISCOFF"},"content":{"rendered":"<p><span>Format pocket Familial, id\u00e9al \u00e0 emporter partout et une fra\u00eecheur pr\u00e9serv\u00e9e gr\u00e2ce \u00e0 ses sachets individuels. Les biscuits Biscoff font le bonheur des gourmands dans le monde entier depuis plusieurs g\u00e9n\u00e9rations. D\u00e9licatement caram\u00e9lis\u00e9s pour un croquant unique, leur go\u00fbt est tout simplement irr\u00e9sistible. Alors pour profiter d&rsquo;un moment \u00e0 soi, d&rsquo;une pause caf\u00e9 ou th\u00e9 entre amis, ou lors d&rsquo;un moment cuisine pour sublimer vos desserts (cheesecake, tiramisu, cupcakes&#8230;), craquez pour Biscoff, The Original Speculoos !<\/span><\/p>\n","protected":false},"excerpt":{"rendered":"<p>Format pocket Familial, id\u00e9al \u00e0 emporter partout et une fra\u00eecheur pr\u00e9serv\u00e9e gr\u00e2ce \u00e0 ses sachets individuels. Les biscuits Biscoff font le bonheur des gourmands dans le monde entier depuis plusieurs g\u00e9n\u00e9rations. D\u00e9licatement caram\u00e9lis\u00e9s pour un croquant unique, leur go\u00fbt est tout simplement irr\u00e9sistible. Alors pour profiter d&rsquo;un moment \u00e0 soi, d&rsquo;une pause caf\u00e9 ou th\u00e9 &hellip; <br \/><a href=\"https:\/\/aboubusinesscompany.com\/?product=biscuits-speculoos-original-lotus-biscoff\" class=\"more-link\">Continue reading <span class=\"screen-reader-text\">Biscuits Sp\u00e9culoos Original LOTUS BISCOFF<\/span><\/a><\/p>\n","protected":false},"featured_media":8551,"comment_status":"open","ping_status":"closed","template":"","meta":[],"product_brand":[],"product_cat":[292],"product_tag":[],"class_list":{"0":"post-8553","1":"product","2":"type-product","3":"status-publish","4":"has-post-thumbnail","6":"product_cat-agro-alimentaire","8":"first","9":"instock","10":"sale","11":"shipping-taxable","12":"purchasable","13":"product-type-simple"},"jetpack_sharing_enabled":true,"_links":{"self":[{"href":"https:\/\/aboubusinesscompany.com\/index.php?rest_route=\/wp\/v2\/product\/8553","targetHints":{"allow":["GET"]}}],"collection":[{"href":"https:\/\/aboubusinesscompany.com\/index.php?rest_route=\/wp\/v2\/product"}],"about":[{"href":"https:\/\/aboubusinesscompany.com\/index.php?rest_route=\/wp\/v2\/types\/product"}],"replies":[{"embeddable":true,"href":"https:\/\/aboubusinesscompany.com\/index.php?rest_route=%2Fwp%2Fv2%2Fcomments&post=8553"}],"version-history":[{"count":1,"href":"https:\/\/aboubusinesscompany.com\/index.php?rest_route=\/wp\/v2\/product\/8553\/revisions"}],"predecessor-version":[{"id":8911,"href":"https:\/\/aboubusinesscompany.com\/index.php?rest_route=\/wp\/v2\/product\/8553\/revisions\/8911"}],"wp:featuredmedia":[{"embeddable":true,"href":"https:\/\/aboubusinesscompany.com\/index.php?rest_route=\/wp\/v2\/media\/8551"}],"wp:attachment":[{"href":"https:\/\/aboubusinesscompany.com\/index.php?rest_route=%2Fwp%2Fv2%2Fmedia&parent=8553"}],"wp:term":[{"taxonomy":"product_brand","embeddable":true,"href":"https:\/\/aboubusinesscompany.com\/index.php?rest_route=%2Fwp%2Fv2%2Fproduct_brand&post=8553"},{"taxonomy":"product_cat","embeddable":true,"href":"https:\/\/aboubusinesscompany.com\/index.php?rest_route=%2Fwp%2Fv2%2Fproduct_cat&post=8553"},{"taxonomy":"product_tag","embeddable":true,"href":"https:\/\/aboubusinesscompany.com\/index.php?rest_route=%2Fwp%2Fv2%2Fproduct_tag&post=8553"}],"curies":[{"name":"wp","href":"https:\/\/api.w.org\/{rel}","templated":true}]}}