{"id":8567,"date":"2025-06-27T13:17:07","date_gmt":"2025-06-27T11:17:07","guid":{"rendered":"https:\/\/aboubusinesscompany.com\/?product=casamancaise-ditax-1l"},"modified":"2025-10-16T18:31:48","modified_gmt":"2025-10-16T16:31:48","slug":"casamancaise-ditax-1l","status":"publish","type":"product","link":"https:\/\/aboubusinesscompany.com\/?product=casamancaise-ditax-1l","title":{"rendered":"Casaman\u00e7aise Ditax (1L)"},"content":{"rendered":"<p>Le \u00ab\u00a0ditax\u00a0\u00bb (Detarium senegalense) est un fruit tr\u00e8s populaire au S\u00e9n\u00e9gal, notamment en Casamance, d&rsquo;o\u00f9 le nom \u00ab\u00a0Casaman\u00e7aise Ditax\u00a0\u00bb. Il est consomm\u00e9 sous diff\u00e9rentes formes : en boisson, en confiture, en sorbet, ou nature. La marque \u00ab\u00a0Casaman\u00e7aise\u00a0\u00bb propose notamment un jus de ditax, valorisant les saveurs locales et le terroir de la Casamance.<\/p>\n","protected":false},"excerpt":{"rendered":"<p>Le \u00ab\u00a0ditax\u00a0\u00bb (Detarium senegalense) est un fruit tr\u00e8s populaire au S\u00e9n\u00e9gal, notamment en Casamance, d&rsquo;o\u00f9 le nom \u00ab\u00a0Casaman\u00e7aise Ditax\u00a0\u00bb. Il est consomm\u00e9 sous diff\u00e9rentes formes : en boisson, en confiture, en sorbet, ou nature. La marque \u00ab\u00a0Casaman\u00e7aise\u00a0\u00bb propose notamment un jus de ditax, valorisant les saveurs locales et le terroir de la Casamance.<\/p>\n","protected":false},"featured_media":8566,"comment_status":"open","ping_status":"closed","template":"","meta":[],"product_brand":[],"product_cat":[292],"product_tag":[],"class_list":{"0":"post-8567","1":"product","2":"type-product","3":"status-publish","4":"has-post-thumbnail","6":"product_cat-agro-alimentaire","8":"first","9":"instock","10":"sale","11":"purchasable","12":"product-type-simple"},"jetpack_sharing_enabled":true,"_links":{"self":[{"href":"https:\/\/aboubusinesscompany.com\/index.php?rest_route=\/wp\/v2\/product\/8567","targetHints":{"allow":["GET"]}}],"collection":[{"href":"https:\/\/aboubusinesscompany.com\/index.php?rest_route=\/wp\/v2\/product"}],"about":[{"href":"https:\/\/aboubusinesscompany.com\/index.php?rest_route=\/wp\/v2\/types\/product"}],"replies":[{"embeddable":true,"href":"https:\/\/aboubusinesscompany.com\/index.php?rest_route=%2Fwp%2Fv2%2Fcomments&post=8567"}],"version-history":[{"count":1,"href":"https:\/\/aboubusinesscompany.com\/index.php?rest_route=\/wp\/v2\/product\/8567\/revisions"}],"predecessor-version":[{"id":8820,"href":"https:\/\/aboubusinesscompany.com\/index.php?rest_route=\/wp\/v2\/product\/8567\/revisions\/8820"}],"wp:featuredmedia":[{"embeddable":true,"href":"https:\/\/aboubusinesscompany.com\/index.php?rest_route=\/wp\/v2\/media\/8566"}],"wp:attachment":[{"href":"https:\/\/aboubusinesscompany.com\/index.php?rest_route=%2Fwp%2Fv2%2Fmedia&parent=8567"}],"wp:term":[{"taxonomy":"product_brand","embeddable":true,"href":"https:\/\/aboubusinesscompany.com\/index.php?rest_route=%2Fwp%2Fv2%2Fproduct_brand&post=8567"},{"taxonomy":"product_cat","embeddable":true,"href":"https:\/\/aboubusinesscompany.com\/index.php?rest_route=%2Fwp%2Fv2%2Fproduct_cat&post=8567"},{"taxonomy":"product_tag","embeddable":true,"href":"https:\/\/aboubusinesscompany.com\/index.php?rest_route=%2Fwp%2Fv2%2Fproduct_tag&post=8567"}],"curies":[{"name":"wp","href":"https:\/\/api.w.org\/{rel}","templated":true}]}}