{"id":8572,"date":"2025-06-27T22:54:20","date_gmt":"2025-06-27T20:54:20","guid":{"rendered":"https:\/\/aboubusinesscompany.com\/?product=casamancaise-ananas-1l-2"},"modified":"2025-06-27T22:54:20","modified_gmt":"2025-06-27T20:54:20","slug":"casamancaise-ananas-1l-2","status":"publish","type":"product","link":"https:\/\/aboubusinesscompany.com\/?product=casamancaise-ananas-1l-2","title":{"rendered":"casaman\u00e7aise ananas (1L)"},"content":{"rendered":"<p>Le jus de l&rsquo;ananas \u00ab\u00a0Casaman\u00e7aise\u00a0\u00bb est un nectar de fruit, naturellement sucr\u00e9 et onctueux, provenant des ananas cultiv\u00e9s au soleil de la Casamance au S\u00e9n\u00e9gal. Il est d\u00e9crit comme une boisson pure et savoureuse, qui capture la richesse des terres tropicales de cette r\u00e9gion.<\/p>\n","protected":false},"excerpt":{"rendered":"<p>Le jus de l&rsquo;ananas \u00ab\u00a0Casaman\u00e7aise\u00a0\u00bb est un nectar de fruit, naturellement sucr\u00e9 et onctueux, provenant des ananas cultiv\u00e9s au soleil de la Casamance au S\u00e9n\u00e9gal. Il est d\u00e9crit comme une boisson pure et savoureuse, qui capture la richesse des terres tropicales de cette r\u00e9gion.<\/p>\n","protected":false},"featured_media":8571,"comment_status":"open","ping_status":"closed","template":"","meta":[],"product_brand":[],"product_cat":[292],"product_tag":[],"class_list":{"0":"post-8572","1":"product","2":"type-product","3":"status-publish","4":"has-post-thumbnail","6":"product_cat-agro-alimentaire","8":"first","9":"outofstock","10":"sale","11":"purchasable","12":"product-type-simple"},"jetpack_sharing_enabled":true,"_links":{"self":[{"href":"https:\/\/aboubusinesscompany.com\/index.php?rest_route=\/wp\/v2\/product\/8572","targetHints":{"allow":["GET"]}}],"collection":[{"href":"https:\/\/aboubusinesscompany.com\/index.php?rest_route=\/wp\/v2\/product"}],"about":[{"href":"https:\/\/aboubusinesscompany.com\/index.php?rest_route=\/wp\/v2\/types\/product"}],"replies":[{"embeddable":true,"href":"https:\/\/aboubusinesscompany.com\/index.php?rest_route=%2Fwp%2Fv2%2Fcomments&post=8572"}],"version-history":[{"count":0,"href":"https:\/\/aboubusinesscompany.com\/index.php?rest_route=\/wp\/v2\/product\/8572\/revisions"}],"wp:featuredmedia":[{"embeddable":true,"href":"https:\/\/aboubusinesscompany.com\/index.php?rest_route=\/wp\/v2\/media\/8571"}],"wp:attachment":[{"href":"https:\/\/aboubusinesscompany.com\/index.php?rest_route=%2Fwp%2Fv2%2Fmedia&parent=8572"}],"wp:term":[{"taxonomy":"product_brand","embeddable":true,"href":"https:\/\/aboubusinesscompany.com\/index.php?rest_route=%2Fwp%2Fv2%2Fproduct_brand&post=8572"},{"taxonomy":"product_cat","embeddable":true,"href":"https:\/\/aboubusinesscompany.com\/index.php?rest_route=%2Fwp%2Fv2%2Fproduct_cat&post=8572"},{"taxonomy":"product_tag","embeddable":true,"href":"https:\/\/aboubusinesscompany.com\/index.php?rest_route=%2Fwp%2Fv2%2Fproduct_tag&post=8572"}],"curies":[{"name":"wp","href":"https:\/\/api.w.org\/{rel}","templated":true}]}}