{"id":8582,"date":"2025-06-29T22:20:36","date_gmt":"2025-06-29T20:20:36","guid":{"rendered":"https:\/\/aboubusinesscompany.com\/?product=jus-casamancaise-bouye"},"modified":"2025-07-19T22:59:05","modified_gmt":"2025-07-19T20:59:05","slug":"jus-casamancaise-bouye","status":"publish","type":"product","link":"https:\/\/aboubusinesscompany.com\/?product=jus-casamancaise-bouye","title":{"rendered":"casamancaise bouye"},"content":{"rendered":"<p>Plongez dans l\u2019authenticit\u00e9 du terroir s\u00e9n\u00e9galais avec le jus Bouye Gingembre Casaman\u00e7aise, d\u00e9sormais disponible en format familial 1 litre. Un concentr\u00e9 de nature, de vitalit\u00e9 et de tradition.<\/p>\n<p>\ud83c\udf33 Ingr\u00e9dients naturels et puissants :<\/p>\n<p>Bouye (pain de singe), fruit embl\u00e9matique du baobab, connu pour sa richesse en fibres, calcium et vitamine C.<\/p>\n<p>Gingembre, racine \u00e9nergisante aux vertus tonifiantes et digestives.<\/p>\n<p>\ud83c\uddf8\ud83c\uddf3 100 % fabriqu\u00e9 au S\u00e9n\u00e9gal, en Casamance. Chaque bouteille refl\u00e8te un savoir-faire local engag\u00e9 et authentique.<\/p>\n","protected":false},"excerpt":{"rendered":"<p>Plongez dans l\u2019authenticit\u00e9 du terroir s\u00e9n\u00e9galais avec le jus Bouye Gingembre Casaman\u00e7aise, d\u00e9sormais disponible en format familial 1 litre. Un concentr\u00e9 de nature, de vitalit\u00e9 et de tradition. \ud83c\udf33 Ingr\u00e9dients naturels et puissants : Bouye (pain de singe), fruit embl\u00e9matique du baobab, connu pour sa richesse en fibres, calcium et vitamine C. Gingembre, racine \u00e9nergisante &hellip; <br \/><a href=\"https:\/\/aboubusinesscompany.com\/?product=jus-casamancaise-bouye\" class=\"more-link\">Continue reading <span class=\"screen-reader-text\">casamancaise bouye<\/span><\/a><\/p>\n","protected":false},"featured_media":8581,"comment_status":"open","ping_status":"closed","template":"","meta":[],"product_brand":[],"product_cat":[292],"product_tag":[],"class_list":{"0":"post-8582","1":"product","2":"type-product","3":"status-publish","4":"has-post-thumbnail","6":"product_cat-agro-alimentaire","8":"first","9":"instock","10":"sale","11":"purchasable","12":"product-type-simple"},"jetpack_sharing_enabled":true,"_links":{"self":[{"href":"https:\/\/aboubusinesscompany.com\/index.php?rest_route=\/wp\/v2\/product\/8582","targetHints":{"allow":["GET"]}}],"collection":[{"href":"https:\/\/aboubusinesscompany.com\/index.php?rest_route=\/wp\/v2\/product"}],"about":[{"href":"https:\/\/aboubusinesscompany.com\/index.php?rest_route=\/wp\/v2\/types\/product"}],"replies":[{"embeddable":true,"href":"https:\/\/aboubusinesscompany.com\/index.php?rest_route=%2Fwp%2Fv2%2Fcomments&post=8582"}],"version-history":[{"count":1,"href":"https:\/\/aboubusinesscompany.com\/index.php?rest_route=\/wp\/v2\/product\/8582\/revisions"}],"predecessor-version":[{"id":8585,"href":"https:\/\/aboubusinesscompany.com\/index.php?rest_route=\/wp\/v2\/product\/8582\/revisions\/8585"}],"wp:featuredmedia":[{"embeddable":true,"href":"https:\/\/aboubusinesscompany.com\/index.php?rest_route=\/wp\/v2\/media\/8581"}],"wp:attachment":[{"href":"https:\/\/aboubusinesscompany.com\/index.php?rest_route=%2Fwp%2Fv2%2Fmedia&parent=8582"}],"wp:term":[{"taxonomy":"product_brand","embeddable":true,"href":"https:\/\/aboubusinesscompany.com\/index.php?rest_route=%2Fwp%2Fv2%2Fproduct_brand&post=8582"},{"taxonomy":"product_cat","embeddable":true,"href":"https:\/\/aboubusinesscompany.com\/index.php?rest_route=%2Fwp%2Fv2%2Fproduct_cat&post=8582"},{"taxonomy":"product_tag","embeddable":true,"href":"https:\/\/aboubusinesscompany.com\/index.php?rest_route=%2Fwp%2Fv2%2Fproduct_tag&post=8582"}],"curies":[{"name":"wp","href":"https:\/\/api.w.org\/{rel}","templated":true}]}}