{"id":8588,"date":"2025-06-29T23:06:18","date_gmt":"2025-06-29T21:06:18","guid":{"rendered":"https:\/\/aboubusinesscompany.com\/?product=tiramisu-250g-plus-jus-offert"},"modified":"2025-11-07T01:33:20","modified_gmt":"2025-11-07T00:33:20","slug":"tiramisu-250g-plus-jus-offert","status":"publish","type":"product","link":"https:\/\/aboubusinesscompany.com\/?product=tiramisu-250g-plus-jus-offert","title":{"rendered":"Tiramisu  (250g) plus jus offert"},"content":{"rendered":"<p>Le tiramisu est un dessert italien c\u00e9l\u00e8bre, \u00e0 la fois l\u00e9ger et gourmand, dont le nom signifie litt\u00e9ralement \u201cremonte-moi\u201d (de \u201ctirami s\u00f9\u201d en italien), en r\u00e9f\u00e9rence \u00e0 son c\u00f4t\u00e9 \u00e9nergisant gr\u00e2ce au caf\u00e9 et au sucre.<\/p>\n","protected":false},"excerpt":{"rendered":"<p>Le tiramisu est un dessert italien c\u00e9l\u00e8bre, \u00e0 la fois l\u00e9ger et gourmand, dont le nom signifie litt\u00e9ralement \u201cremonte-moi\u201d (de \u201ctirami s\u00f9\u201d en italien), en r\u00e9f\u00e9rence \u00e0 son c\u00f4t\u00e9 \u00e9nergisant gr\u00e2ce au caf\u00e9 et au sucre.<\/p>\n","protected":false},"featured_media":8587,"comment_status":"open","ping_status":"closed","template":"","meta":[],"product_brand":[],"product_cat":[292],"product_tag":[],"class_list":{"0":"post-8588","1":"product","2":"type-product","3":"status-publish","4":"has-post-thumbnail","6":"product_cat-agro-alimentaire","8":"first","9":"instock","10":"sale","11":"shipping-taxable","12":"purchasable","13":"product-type-simple"},"jetpack_sharing_enabled":true,"_links":{"self":[{"href":"https:\/\/aboubusinesscompany.com\/index.php?rest_route=\/wp\/v2\/product\/8588","targetHints":{"allow":["GET"]}}],"collection":[{"href":"https:\/\/aboubusinesscompany.com\/index.php?rest_route=\/wp\/v2\/product"}],"about":[{"href":"https:\/\/aboubusinesscompany.com\/index.php?rest_route=\/wp\/v2\/types\/product"}],"replies":[{"embeddable":true,"href":"https:\/\/aboubusinesscompany.com\/index.php?rest_route=%2Fwp%2Fv2%2Fcomments&post=8588"}],"version-history":[{"count":0,"href":"https:\/\/aboubusinesscompany.com\/index.php?rest_route=\/wp\/v2\/product\/8588\/revisions"}],"wp:featuredmedia":[{"embeddable":true,"href":"https:\/\/aboubusinesscompany.com\/index.php?rest_route=\/wp\/v2\/media\/8587"}],"wp:attachment":[{"href":"https:\/\/aboubusinesscompany.com\/index.php?rest_route=%2Fwp%2Fv2%2Fmedia&parent=8588"}],"wp:term":[{"taxonomy":"product_brand","embeddable":true,"href":"https:\/\/aboubusinesscompany.com\/index.php?rest_route=%2Fwp%2Fv2%2Fproduct_brand&post=8588"},{"taxonomy":"product_cat","embeddable":true,"href":"https:\/\/aboubusinesscompany.com\/index.php?rest_route=%2Fwp%2Fv2%2Fproduct_cat&post=8588"},{"taxonomy":"product_tag","embeddable":true,"href":"https:\/\/aboubusinesscompany.com\/index.php?rest_route=%2Fwp%2Fv2%2Fproduct_tag&post=8588"}],"curies":[{"name":"wp","href":"https:\/\/api.w.org\/{rel}","templated":true}]}}