{"id":8606,"date":"2025-06-30T00:42:58","date_gmt":"2025-06-29T22:42:58","guid":{"rendered":"https:\/\/aboubusinesscompany.com\/?product=kinder-schoko-bons-white"},"modified":"2026-02-27T22:44:23","modified_gmt":"2026-02-27T21:44:23","slug":"kinder-schoko-bons-white","status":"publish","type":"product","link":"https:\/\/aboubusinesscompany.com\/?product=kinder-schoko-bons-white","title":{"rendered":"Kinder Schoko-Bons white"},"content":{"rendered":"<p>Les Kinder Schoko-Bons White sont des bonbons au chocolat blanc, connus pour leur c\u0153ur fondant et leur enrobage croustillant, le tout agr\u00e9ment\u00e9 d&rsquo;\u00e9clats de noisettes. Ils sont une variante des Schoko-Bons classiques, mais utilisent du chocolat blanc \u00e0 la place du chocolat au lait.<br \/>\n.<\/p>\n","protected":false},"excerpt":{"rendered":"<p>Les Kinder Schoko-Bons White sont des bonbons au chocolat blanc, connus pour leur c\u0153ur fondant et leur enrobage croustillant, le tout agr\u00e9ment\u00e9 d&rsquo;\u00e9clats de noisettes. Ils sont une variante des Schoko-Bons classiques, mais utilisent du chocolat blanc \u00e0 la place du chocolat au lait. .<\/p>\n","protected":false},"featured_media":8605,"comment_status":"open","ping_status":"closed","template":"","meta":[],"product_brand":[],"product_cat":[292],"product_tag":[],"class_list":{"0":"post-8606","1":"product","2":"type-product","3":"status-publish","4":"has-post-thumbnail","6":"product_cat-agro-alimentaire","8":"first","9":"outofstock","10":"sale","11":"purchasable","12":"product-type-simple"},"jetpack_sharing_enabled":true,"_links":{"self":[{"href":"https:\/\/aboubusinesscompany.com\/index.php?rest_route=\/wp\/v2\/product\/8606","targetHints":{"allow":["GET"]}}],"collection":[{"href":"https:\/\/aboubusinesscompany.com\/index.php?rest_route=\/wp\/v2\/product"}],"about":[{"href":"https:\/\/aboubusinesscompany.com\/index.php?rest_route=\/wp\/v2\/types\/product"}],"replies":[{"embeddable":true,"href":"https:\/\/aboubusinesscompany.com\/index.php?rest_route=%2Fwp%2Fv2%2Fcomments&post=8606"}],"version-history":[{"count":1,"href":"https:\/\/aboubusinesscompany.com\/index.php?rest_route=\/wp\/v2\/product\/8606\/revisions"}],"predecessor-version":[{"id":8913,"href":"https:\/\/aboubusinesscompany.com\/index.php?rest_route=\/wp\/v2\/product\/8606\/revisions\/8913"}],"wp:featuredmedia":[{"embeddable":true,"href":"https:\/\/aboubusinesscompany.com\/index.php?rest_route=\/wp\/v2\/media\/8605"}],"wp:attachment":[{"href":"https:\/\/aboubusinesscompany.com\/index.php?rest_route=%2Fwp%2Fv2%2Fmedia&parent=8606"}],"wp:term":[{"taxonomy":"product_brand","embeddable":true,"href":"https:\/\/aboubusinesscompany.com\/index.php?rest_route=%2Fwp%2Fv2%2Fproduct_brand&post=8606"},{"taxonomy":"product_cat","embeddable":true,"href":"https:\/\/aboubusinesscompany.com\/index.php?rest_route=%2Fwp%2Fv2%2Fproduct_cat&post=8606"},{"taxonomy":"product_tag","embeddable":true,"href":"https:\/\/aboubusinesscompany.com\/index.php?rest_route=%2Fwp%2Fv2%2Fproduct_tag&post=8606"}],"curies":[{"name":"wp","href":"https:\/\/api.w.org\/{rel}","templated":true}]}}