{"id":8608,"date":"2025-06-30T01:08:35","date_gmt":"2025-06-29T23:08:35","guid":{"rendered":"https:\/\/aboubusinesscompany.com\/?product=nutella-pate-a-tartiner"},"modified":"2026-02-27T22:46:35","modified_gmt":"2026-02-27T21:46:35","slug":"nutella-pate-a-tartiner","status":"publish","type":"product","link":"https:\/\/aboubusinesscompany.com\/?product=nutella-pate-a-tartiner","title":{"rendered":"NUTELLA (p\u00e2te \u00e0 tartiner) 1 kg"},"content":{"rendered":"<p>Nutella est une p\u00e2te \u00e0 tartiner aux noisettes et au cacao, cr\u00e9\u00e9e par l&rsquo;entreprise italienne Ferrero. Elle est compos\u00e9e principalement de sucre, d&rsquo;huile de palme, de noisettes, de cacao, de lait, de poudre de lactos\u00e9rum et d&rsquo;\u00e9mulsifiants. Son go\u00fbt unique et sa texture onctueuse en font une p\u00e2te \u00e0 tartiner populaire, souvent d\u00e9gust\u00e9e au petit-d\u00e9jeuner.<\/p>\n","protected":false},"excerpt":{"rendered":"<p>Nutella est une p\u00e2te \u00e0 tartiner aux noisettes et au cacao, cr\u00e9\u00e9e par l&rsquo;entreprise italienne Ferrero. Elle est compos\u00e9e principalement de sucre, d&rsquo;huile de palme, de noisettes, de cacao, de lait, de poudre de lactos\u00e9rum et d&rsquo;\u00e9mulsifiants. Son go\u00fbt unique et sa texture onctueuse en font une p\u00e2te \u00e0 tartiner populaire, souvent d\u00e9gust\u00e9e au petit-d\u00e9jeuner.<\/p>\n","protected":false},"featured_media":8607,"comment_status":"open","ping_status":"closed","template":"","meta":[],"product_brand":[],"product_cat":[292],"product_tag":[],"class_list":{"0":"post-8608","1":"product","2":"type-product","3":"status-publish","4":"has-post-thumbnail","6":"product_cat-agro-alimentaire","8":"first","9":"instock","10":"sale","11":"purchasable","12":"product-type-simple"},"jetpack_sharing_enabled":true,"_links":{"self":[{"href":"https:\/\/aboubusinesscompany.com\/index.php?rest_route=\/wp\/v2\/product\/8608","targetHints":{"allow":["GET"]}}],"collection":[{"href":"https:\/\/aboubusinesscompany.com\/index.php?rest_route=\/wp\/v2\/product"}],"about":[{"href":"https:\/\/aboubusinesscompany.com\/index.php?rest_route=\/wp\/v2\/types\/product"}],"replies":[{"embeddable":true,"href":"https:\/\/aboubusinesscompany.com\/index.php?rest_route=%2Fwp%2Fv2%2Fcomments&post=8608"}],"version-history":[{"count":1,"href":"https:\/\/aboubusinesscompany.com\/index.php?rest_route=\/wp\/v2\/product\/8608\/revisions"}],"predecessor-version":[{"id":8915,"href":"https:\/\/aboubusinesscompany.com\/index.php?rest_route=\/wp\/v2\/product\/8608\/revisions\/8915"}],"wp:featuredmedia":[{"embeddable":true,"href":"https:\/\/aboubusinesscompany.com\/index.php?rest_route=\/wp\/v2\/media\/8607"}],"wp:attachment":[{"href":"https:\/\/aboubusinesscompany.com\/index.php?rest_route=%2Fwp%2Fv2%2Fmedia&parent=8608"}],"wp:term":[{"taxonomy":"product_brand","embeddable":true,"href":"https:\/\/aboubusinesscompany.com\/index.php?rest_route=%2Fwp%2Fv2%2Fproduct_brand&post=8608"},{"taxonomy":"product_cat","embeddable":true,"href":"https:\/\/aboubusinesscompany.com\/index.php?rest_route=%2Fwp%2Fv2%2Fproduct_cat&post=8608"},{"taxonomy":"product_tag","embeddable":true,"href":"https:\/\/aboubusinesscompany.com\/index.php?rest_route=%2Fwp%2Fv2%2Fproduct_tag&post=8608"}],"curies":[{"name":"wp","href":"https:\/\/api.w.org\/{rel}","templated":true}]}}