{"id":8611,"date":"2025-06-30T01:22:06","date_gmt":"2025-06-29T23:22:06","guid":{"rendered":"https:\/\/aboubusinesscompany.com\/?product=biscoff-500g"},"modified":"2026-03-15T16:20:42","modified_gmt":"2026-03-15T15:20:42","slug":"biscoff-500g","status":"publish","type":"product","link":"https:\/\/aboubusinesscompany.com\/?product=biscoff-500g","title":{"rendered":"Cr\u00e8me biscoff 720g"},"content":{"rendered":"<p>Savourez le go\u00fbt unique Biscoff dans une p\u00e2te \u00e0 tartiner onctueuse et irr\u00e9sistible ! A tartiner, \u00e0 tremper, \u00e0 mixer&#8230; la p\u00e2te \u00e0 tartiner Biscoff se d\u00e9guste de diff\u00e9rentes mani\u00e8res et ajoute une touche surprenante \u00e0 toutes vos recettes pr\u00e9f\u00e9r\u00e9es comme le cheesecake, les muffins, les beignets, les milkshakes et bien d&rsquo;autres encore.<\/p>\n","protected":false},"excerpt":{"rendered":"<p>Savourez le go\u00fbt unique Biscoff dans une p\u00e2te \u00e0 tartiner onctueuse et irr\u00e9sistible ! A tartiner, \u00e0 tremper, \u00e0 mixer&#8230; la p\u00e2te \u00e0 tartiner Biscoff se d\u00e9guste de diff\u00e9rentes mani\u00e8res et ajoute une touche surprenante \u00e0 toutes vos recettes pr\u00e9f\u00e9r\u00e9es comme le cheesecake, les muffins, les beignets, les milkshakes et bien d&rsquo;autres encore.<\/p>\n","protected":false},"featured_media":8610,"comment_status":"open","ping_status":"closed","template":"","meta":[],"product_brand":[],"product_cat":[292],"product_tag":[],"class_list":{"0":"post-8611","1":"product","2":"type-product","3":"status-publish","4":"has-post-thumbnail","6":"product_cat-agro-alimentaire","8":"first","9":"instock","10":"sale","11":"purchasable","12":"product-type-simple"},"jetpack_sharing_enabled":true,"_links":{"self":[{"href":"https:\/\/aboubusinesscompany.com\/index.php?rest_route=\/wp\/v2\/product\/8611","targetHints":{"allow":["GET"]}}],"collection":[{"href":"https:\/\/aboubusinesscompany.com\/index.php?rest_route=\/wp\/v2\/product"}],"about":[{"href":"https:\/\/aboubusinesscompany.com\/index.php?rest_route=\/wp\/v2\/types\/product"}],"replies":[{"embeddable":true,"href":"https:\/\/aboubusinesscompany.com\/index.php?rest_route=%2Fwp%2Fv2%2Fcomments&post=8611"}],"version-history":[{"count":2,"href":"https:\/\/aboubusinesscompany.com\/index.php?rest_route=\/wp\/v2\/product\/8611\/revisions"}],"predecessor-version":[{"id":8927,"href":"https:\/\/aboubusinesscompany.com\/index.php?rest_route=\/wp\/v2\/product\/8611\/revisions\/8927"}],"wp:featuredmedia":[{"embeddable":true,"href":"https:\/\/aboubusinesscompany.com\/index.php?rest_route=\/wp\/v2\/media\/8610"}],"wp:attachment":[{"href":"https:\/\/aboubusinesscompany.com\/index.php?rest_route=%2Fwp%2Fv2%2Fmedia&parent=8611"}],"wp:term":[{"taxonomy":"product_brand","embeddable":true,"href":"https:\/\/aboubusinesscompany.com\/index.php?rest_route=%2Fwp%2Fv2%2Fproduct_brand&post=8611"},{"taxonomy":"product_cat","embeddable":true,"href":"https:\/\/aboubusinesscompany.com\/index.php?rest_route=%2Fwp%2Fv2%2Fproduct_cat&post=8611"},{"taxonomy":"product_tag","embeddable":true,"href":"https:\/\/aboubusinesscompany.com\/index.php?rest_route=%2Fwp%2Fv2%2Fproduct_tag&post=8611"}],"curies":[{"name":"wp","href":"https:\/\/api.w.org\/{rel}","templated":true}]}}