{"id":8663,"date":"2025-07-19T15:13:26","date_gmt":"2025-07-19T13:13:26","guid":{"rendered":"https:\/\/aboubusinesscompany.com\/?product=milka-oreo-milka-oreo-choco"},"modified":"2025-12-29T13:03:50","modified_gmt":"2025-12-29T12:03:50","slug":"milka-oreo-milka-oreo-choco","status":"publish","type":"product","link":"https:\/\/aboubusinesscompany.com\/?product=milka-oreo-milka-oreo-choco","title":{"rendered":"-milka oreo\n-milka oreo choco"},"content":{"rendered":"<p>Chocolat Milka aux biscuits Oreo ou chocolat<\/p>\n<p>Offrez-vous le go\u00fbt d\u00e9licieux et l&rsquo;onctuosit\u00e9 du chocolat Milka avec des biscuits Oreo<\/p>\n<p>Milka et Oreo se combinent pour cr\u00e9er une composition de saveurs innovante et d\u00e9licieuse<\/p>\n<p>Savourez cette barre comme collation ou dessert, ou cassez-la et utilisez-la en p\u00e2tisserie.<\/p>\n<p>Ces barres de chocolat sp\u00e9ciales constituent un excellent cadeau pour l&rsquo;amateur de chocolat de votre vie<\/p>\n","protected":false},"excerpt":{"rendered":"<p>Chocolat Milka aux biscuits Oreo ou chocolat Offrez-vous le go\u00fbt d\u00e9licieux et l&rsquo;onctuosit\u00e9 du chocolat Milka avec des biscuits Oreo Milka et Oreo se combinent pour cr\u00e9er une composition de saveurs innovante et d\u00e9licieuse Savourez cette barre comme collation ou dessert, ou cassez-la et utilisez-la en p\u00e2tisserie. Ces barres de chocolat sp\u00e9ciales constituent un excellent &hellip; <br \/><a href=\"https:\/\/aboubusinesscompany.com\/?product=milka-oreo-milka-oreo-choco\" class=\"more-link\">Continue reading <span class=\"screen-reader-text\">-milka oreo<br \/>\n-milka oreo choco<\/span><\/a><\/p>\n","protected":false},"featured_media":8660,"comment_status":"open","ping_status":"closed","template":"","meta":[],"product_brand":[],"product_cat":[292],"product_tag":[],"class_list":{"0":"post-8663","1":"product","2":"type-product","3":"status-publish","4":"has-post-thumbnail","6":"product_cat-agro-alimentaire","8":"first","9":"instock","10":"sale","11":"purchasable","12":"product-type-simple"},"jetpack_sharing_enabled":true,"_links":{"self":[{"href":"https:\/\/aboubusinesscompany.com\/index.php?rest_route=\/wp\/v2\/product\/8663","targetHints":{"allow":["GET"]}}],"collection":[{"href":"https:\/\/aboubusinesscompany.com\/index.php?rest_route=\/wp\/v2\/product"}],"about":[{"href":"https:\/\/aboubusinesscompany.com\/index.php?rest_route=\/wp\/v2\/types\/product"}],"replies":[{"embeddable":true,"href":"https:\/\/aboubusinesscompany.com\/index.php?rest_route=%2Fwp%2Fv2%2Fcomments&post=8663"}],"version-history":[{"count":1,"href":"https:\/\/aboubusinesscompany.com\/index.php?rest_route=\/wp\/v2\/product\/8663\/revisions"}],"predecessor-version":[{"id":8816,"href":"https:\/\/aboubusinesscompany.com\/index.php?rest_route=\/wp\/v2\/product\/8663\/revisions\/8816"}],"wp:featuredmedia":[{"embeddable":true,"href":"https:\/\/aboubusinesscompany.com\/index.php?rest_route=\/wp\/v2\/media\/8660"}],"wp:attachment":[{"href":"https:\/\/aboubusinesscompany.com\/index.php?rest_route=%2Fwp%2Fv2%2Fmedia&parent=8663"}],"wp:term":[{"taxonomy":"product_brand","embeddable":true,"href":"https:\/\/aboubusinesscompany.com\/index.php?rest_route=%2Fwp%2Fv2%2Fproduct_brand&post=8663"},{"taxonomy":"product_cat","embeddable":true,"href":"https:\/\/aboubusinesscompany.com\/index.php?rest_route=%2Fwp%2Fv2%2Fproduct_cat&post=8663"},{"taxonomy":"product_tag","embeddable":true,"href":"https:\/\/aboubusinesscompany.com\/index.php?rest_route=%2Fwp%2Fv2%2Fproduct_tag&post=8663"}],"curies":[{"name":"wp","href":"https:\/\/api.w.org\/{rel}","templated":true}]}}