{"id":8665,"date":"2025-07-19T15:26:44","date_gmt":"2025-07-19T13:26:44","guid":{"rendered":"https:\/\/aboubusinesscompany.com\/?product=milsani-kondensmilch-75-340-g"},"modified":"2025-07-30T21:02:49","modified_gmt":"2025-07-30T19:02:49","slug":"milsani-kondensmilch-75-340-g","status":"publish","type":"product","link":"https:\/\/aboubusinesscompany.com\/?product=milsani-kondensmilch-75-340-g","title":{"rendered":"MILSANI Kondensmilch 7,5 % 340 g"},"content":{"rendered":"<p>Le lait Milsani 7,5% est un lait demi-\u00e9cr\u00e9m\u00e9, ce qui signifie qu&rsquo;il contient une teneur en mati\u00e8res grasses de 7,5%. Il est g\u00e9n\u00e9ralement propos\u00e9 en format UHT (Ultra Haute Temp\u00e9rature) pour une meilleure conservation et une dur\u00e9e de vie prolong\u00e9e. Ce type de lait est un bon compromis entre le lait entier et le lait \u00e9cr\u00e9m\u00e9, offrant un go\u00fbt l\u00e9g\u00e8rement plus riche que le lait \u00e9cr\u00e9m\u00e9 tout en \u00e9tant moins riche en mati\u00e8res grasses que le lait entier.<\/p>\n","protected":false},"excerpt":{"rendered":"<p>Le lait Milsani 7,5% est un lait demi-\u00e9cr\u00e9m\u00e9, ce qui signifie qu&rsquo;il contient une teneur en mati\u00e8res grasses de 7,5%. Il est g\u00e9n\u00e9ralement propos\u00e9 en format UHT (Ultra Haute Temp\u00e9rature) pour une meilleure conservation et une dur\u00e9e de vie prolong\u00e9e. Ce type de lait est un bon compromis entre le lait entier et le lait &hellip; <br \/><a href=\"https:\/\/aboubusinesscompany.com\/?product=milsani-kondensmilch-75-340-g\" class=\"more-link\">Continue reading <span class=\"screen-reader-text\">MILSANI Kondensmilch 7,5 % 340 g<\/span><\/a><\/p>\n","protected":false},"featured_media":8664,"comment_status":"open","ping_status":"closed","template":"","meta":[],"product_brand":[],"product_cat":[292],"product_tag":[],"class_list":{"0":"post-8665","1":"product","2":"type-product","3":"status-publish","4":"has-post-thumbnail","6":"product_cat-agro-alimentaire","8":"first","9":"instock","10":"sale","11":"purchasable","12":"product-type-simple"},"jetpack_sharing_enabled":true,"_links":{"self":[{"href":"https:\/\/aboubusinesscompany.com\/index.php?rest_route=\/wp\/v2\/product\/8665","targetHints":{"allow":["GET"]}}],"collection":[{"href":"https:\/\/aboubusinesscompany.com\/index.php?rest_route=\/wp\/v2\/product"}],"about":[{"href":"https:\/\/aboubusinesscompany.com\/index.php?rest_route=\/wp\/v2\/types\/product"}],"replies":[{"embeddable":true,"href":"https:\/\/aboubusinesscompany.com\/index.php?rest_route=%2Fwp%2Fv2%2Fcomments&post=8665"}],"version-history":[{"count":0,"href":"https:\/\/aboubusinesscompany.com\/index.php?rest_route=\/wp\/v2\/product\/8665\/revisions"}],"wp:featuredmedia":[{"embeddable":true,"href":"https:\/\/aboubusinesscompany.com\/index.php?rest_route=\/wp\/v2\/media\/8664"}],"wp:attachment":[{"href":"https:\/\/aboubusinesscompany.com\/index.php?rest_route=%2Fwp%2Fv2%2Fmedia&parent=8665"}],"wp:term":[{"taxonomy":"product_brand","embeddable":true,"href":"https:\/\/aboubusinesscompany.com\/index.php?rest_route=%2Fwp%2Fv2%2Fproduct_brand&post=8665"},{"taxonomy":"product_cat","embeddable":true,"href":"https:\/\/aboubusinesscompany.com\/index.php?rest_route=%2Fwp%2Fv2%2Fproduct_cat&post=8665"},{"taxonomy":"product_tag","embeddable":true,"href":"https:\/\/aboubusinesscompany.com\/index.php?rest_route=%2Fwp%2Fv2%2Fproduct_tag&post=8665"}],"curies":[{"name":"wp","href":"https:\/\/api.w.org\/{rel}","templated":true}]}}