{"id":8667,"date":"2025-07-19T15:31:46","date_gmt":"2025-07-19T13:31:46","guid":{"rendered":"https:\/\/aboubusinesscompany.com\/?product=le-lait-milsani-kondensmilch-10"},"modified":"2026-02-27T22:44:52","modified_gmt":"2026-02-27T21:44:52","slug":"le-lait-milsani-kondensmilch-10","status":"publish","type":"product","link":"https:\/\/aboubusinesscompany.com\/?product=le-lait-milsani-kondensmilch-10","title":{"rendered":"Le lait Milsani kondensmilch 10%"},"content":{"rendered":"<p>Le \u00ab\u00a0lait Milsani kondensmilch 10%\u00a0\u00bb est un lait concentr\u00e9 sucr\u00e9 de la marque Milsani, contenant 10% de mati\u00e8re grasse. Il s&rsquo;agit d&rsquo;un lait dont une partie de l&rsquo;eau a \u00e9t\u00e9 retir\u00e9e par \u00e9vaporation, et auquel du sucre a \u00e9t\u00e9 ajout\u00e9. Il est \u00e9pais, sirupeux, et de couleur blanche.<\/p>\n","protected":false},"excerpt":{"rendered":"<p>Le \u00ab\u00a0lait Milsani kondensmilch 10%\u00a0\u00bb est un lait concentr\u00e9 sucr\u00e9 de la marque Milsani, contenant 10% de mati\u00e8re grasse. Il s&rsquo;agit d&rsquo;un lait dont une partie de l&rsquo;eau a \u00e9t\u00e9 retir\u00e9e par \u00e9vaporation, et auquel du sucre a \u00e9t\u00e9 ajout\u00e9. Il est \u00e9pais, sirupeux, et de couleur blanche.<\/p>\n","protected":false},"featured_media":8666,"comment_status":"open","ping_status":"closed","template":"","meta":[],"product_brand":[],"product_cat":[292],"product_tag":[],"class_list":{"0":"post-8667","1":"product","2":"type-product","3":"status-publish","4":"has-post-thumbnail","6":"product_cat-agro-alimentaire","8":"first","9":"instock","10":"sale","11":"shipping-taxable","12":"purchasable","13":"product-type-simple"},"jetpack_sharing_enabled":true,"_links":{"self":[{"href":"https:\/\/aboubusinesscompany.com\/index.php?rest_route=\/wp\/v2\/product\/8667","targetHints":{"allow":["GET"]}}],"collection":[{"href":"https:\/\/aboubusinesscompany.com\/index.php?rest_route=\/wp\/v2\/product"}],"about":[{"href":"https:\/\/aboubusinesscompany.com\/index.php?rest_route=\/wp\/v2\/types\/product"}],"replies":[{"embeddable":true,"href":"https:\/\/aboubusinesscompany.com\/index.php?rest_route=%2Fwp%2Fv2%2Fcomments&post=8667"}],"version-history":[{"count":1,"href":"https:\/\/aboubusinesscompany.com\/index.php?rest_route=\/wp\/v2\/product\/8667\/revisions"}],"predecessor-version":[{"id":8818,"href":"https:\/\/aboubusinesscompany.com\/index.php?rest_route=\/wp\/v2\/product\/8667\/revisions\/8818"}],"wp:featuredmedia":[{"embeddable":true,"href":"https:\/\/aboubusinesscompany.com\/index.php?rest_route=\/wp\/v2\/media\/8666"}],"wp:attachment":[{"href":"https:\/\/aboubusinesscompany.com\/index.php?rest_route=%2Fwp%2Fv2%2Fmedia&parent=8667"}],"wp:term":[{"taxonomy":"product_brand","embeddable":true,"href":"https:\/\/aboubusinesscompany.com\/index.php?rest_route=%2Fwp%2Fv2%2Fproduct_brand&post=8667"},{"taxonomy":"product_cat","embeddable":true,"href":"https:\/\/aboubusinesscompany.com\/index.php?rest_route=%2Fwp%2Fv2%2Fproduct_cat&post=8667"},{"taxonomy":"product_tag","embeddable":true,"href":"https:\/\/aboubusinesscompany.com\/index.php?rest_route=%2Fwp%2Fv2%2Fproduct_tag&post=8667"}],"curies":[{"name":"wp","href":"https:\/\/api.w.org\/{rel}","templated":true}]}}