{"id":8674,"date":"2025-07-19T15:44:24","date_gmt":"2025-07-19T13:44:24","guid":{"rendered":"https:\/\/aboubusinesscompany.com\/?product=nella-delice"},"modified":"2025-11-07T01:32:48","modified_gmt":"2025-11-07T00:32:48","slug":"nella-delice","status":"publish","type":"product","link":"https:\/\/aboubusinesscompany.com\/?product=nella-delice","title":{"rendered":"nella delice"},"content":{"rendered":"<p><span>Nella D\u00e9lice est<\/span><span><span> <\/span><\/span><span><mark class=\"QVRyCf\" style=\"max-height: 999999px;color: inherit;font-weight: 500;border-radius: 4px;padding: 0px 2px\">une p\u00e2te \u00e0 tartiner d&rsquo;origine alg\u00e9rienne, fabriqu\u00e9e en Turquie, et qui se distingue par son go\u00fbt de noisette grill\u00e9e et sa texture cr\u00e9meuse<\/mark><\/span><span>.<\/span><span><span> <\/span><\/span><span>Elle est d\u00e9crite comme une alternative locale aux marques internationales, avec un accent mis sur la qualit\u00e9 des ingr\u00e9dients et une recette distinctive.<\/span><span><span><span> <\/span><\/span><\/span><\/p>\n","protected":false},"excerpt":{"rendered":"<p>Nella D\u00e9lice est une p\u00e2te \u00e0 tartiner d&rsquo;origine alg\u00e9rienne, fabriqu\u00e9e en Turquie, et qui se distingue par son go\u00fbt de noisette grill\u00e9e et sa texture cr\u00e9meuse. Elle est d\u00e9crite comme une alternative locale aux marques internationales, avec un accent mis sur la qualit\u00e9 des ingr\u00e9dients et une recette distinctive.<\/p>\n","protected":false},"featured_media":8673,"comment_status":"open","ping_status":"closed","template":"","meta":[],"product_brand":[],"product_cat":[292],"product_tag":[],"class_list":{"0":"post-8674","1":"product","2":"type-product","3":"status-publish","4":"has-post-thumbnail","6":"product_cat-agro-alimentaire","8":"first","9":"outofstock","10":"sale","11":"purchasable","12":"product-type-simple"},"jetpack_sharing_enabled":true,"_links":{"self":[{"href":"https:\/\/aboubusinesscompany.com\/index.php?rest_route=\/wp\/v2\/product\/8674","targetHints":{"allow":["GET"]}}],"collection":[{"href":"https:\/\/aboubusinesscompany.com\/index.php?rest_route=\/wp\/v2\/product"}],"about":[{"href":"https:\/\/aboubusinesscompany.com\/index.php?rest_route=\/wp\/v2\/types\/product"}],"replies":[{"embeddable":true,"href":"https:\/\/aboubusinesscompany.com\/index.php?rest_route=%2Fwp%2Fv2%2Fcomments&post=8674"}],"version-history":[{"count":1,"href":"https:\/\/aboubusinesscompany.com\/index.php?rest_route=\/wp\/v2\/product\/8674\/revisions"}],"predecessor-version":[{"id":8839,"href":"https:\/\/aboubusinesscompany.com\/index.php?rest_route=\/wp\/v2\/product\/8674\/revisions\/8839"}],"wp:featuredmedia":[{"embeddable":true,"href":"https:\/\/aboubusinesscompany.com\/index.php?rest_route=\/wp\/v2\/media\/8673"}],"wp:attachment":[{"href":"https:\/\/aboubusinesscompany.com\/index.php?rest_route=%2Fwp%2Fv2%2Fmedia&parent=8674"}],"wp:term":[{"taxonomy":"product_brand","embeddable":true,"href":"https:\/\/aboubusinesscompany.com\/index.php?rest_route=%2Fwp%2Fv2%2Fproduct_brand&post=8674"},{"taxonomy":"product_cat","embeddable":true,"href":"https:\/\/aboubusinesscompany.com\/index.php?rest_route=%2Fwp%2Fv2%2Fproduct_cat&post=8674"},{"taxonomy":"product_tag","embeddable":true,"href":"https:\/\/aboubusinesscompany.com\/index.php?rest_route=%2Fwp%2Fv2%2Fproduct_tag&post=8674"}],"curies":[{"name":"wp","href":"https:\/\/api.w.org\/{rel}","templated":true}]}}