{"id":8698,"date":"2025-07-31T14:38:53","date_gmt":"2025-07-31T12:38:53","guid":{"rendered":"https:\/\/aboubusinesscompany.com\/?product=antepyachocolat-dubai"},"modified":"2026-02-08T19:52:47","modified_gmt":"2026-02-08T18:52:47","slug":"antepyachocolat-dubai","status":"publish","type":"product","link":"https:\/\/aboubusinesscompany.com\/?product=antepyachocolat-dubai","title":{"rendered":"\ud83c\udf6b Chocolat Duba\u00ef 100 g \u2013 Pistache &amp; Croustillant Oriental"},"content":{"rendered":"<p>\ud83c\udf6b Chocolat Duba\u00ef 100 g \u2013 Pistache &amp; Croustillant Oriental<\/p>\n<p>D\u00e9couvrez le Chocolat Duba\u00ef 100 g, une tablette gourmande inspir\u00e9e du luxe et des saveurs orientales. Ce chocolat au lait fondant renferme un c\u0153ur cr\u00e9meux \u00e0 la pistache, subtilement relev\u00e9 par un kadayif croustillant (fils de p\u00e2te fine dor\u00e9s), pour une exp\u00e9rience unique en bouche.<\/p>\n<p>\u2728 Pourquoi vous allez l\u2019adorer :<\/p>\n<p>Chocolat au lait onctueux et fondant<\/p>\n<p>Garniture pistache riche et savoureuse<\/p>\n<p>Texture croustillante irr\u00e9sistible<\/p>\n<p>Saveur raffin\u00e9e, tendance et tr\u00e8s appr\u00e9ci\u00e9e<\/p>\n<p>\ud83c\udf81 Parfait pour un cadeau, un moment de plaisir personnel ou pour impressionner vos invit\u00e9s avec une douceur originale et \u00e9l\u00e9gante.<\/p>\n<p>Poids net : 100 g<\/p>\n<p>Conservation : \u00c0 conserver dans un endroit frais et sec.<\/p>\n<p>\ud83d\udc49 Un chocolat premium qui fait voyager\u2026 d\u00e8s la premi\u00e8re bouch\u00e9e.<\/p>\n","protected":false},"excerpt":{"rendered":"<p>\ud83c\udf6b Chocolat Duba\u00ef 100 g \u2013 Pistache &amp; Croustillant Oriental D\u00e9couvrez le Chocolat Duba\u00ef 100 g, une tablette gourmande inspir\u00e9e du luxe et des saveurs orientales. Ce chocolat au lait fondant renferme un c\u0153ur cr\u00e9meux \u00e0 la pistache, subtilement relev\u00e9 par un kadayif croustillant (fils de p\u00e2te fine dor\u00e9s), pour une exp\u00e9rience unique en bouche. &hellip; <br \/><a href=\"https:\/\/aboubusinesscompany.com\/?product=antepyachocolat-dubai\" class=\"more-link\">Continue reading <span class=\"screen-reader-text\">\ud83c\udf6b Chocolat Duba\u00ef 100 g \u2013 Pistache &amp; Croustillant Oriental<\/span><\/a><\/p>\n","protected":false},"featured_media":8880,"comment_status":"open","ping_status":"closed","template":"","meta":[],"product_brand":[],"product_cat":[292],"product_tag":[],"class_list":{"0":"post-8698","1":"product","2":"type-product","3":"status-publish","4":"has-post-thumbnail","6":"product_cat-agro-alimentaire","8":"first","9":"instock","10":"sale","11":"purchasable","12":"product-type-simple"},"jetpack_sharing_enabled":true,"_links":{"self":[{"href":"https:\/\/aboubusinesscompany.com\/index.php?rest_route=\/wp\/v2\/product\/8698","targetHints":{"allow":["GET"]}}],"collection":[{"href":"https:\/\/aboubusinesscompany.com\/index.php?rest_route=\/wp\/v2\/product"}],"about":[{"href":"https:\/\/aboubusinesscompany.com\/index.php?rest_route=\/wp\/v2\/types\/product"}],"replies":[{"embeddable":true,"href":"https:\/\/aboubusinesscompany.com\/index.php?rest_route=%2Fwp%2Fv2%2Fcomments&post=8698"}],"version-history":[{"count":1,"href":"https:\/\/aboubusinesscompany.com\/index.php?rest_route=\/wp\/v2\/product\/8698\/revisions"}],"predecessor-version":[{"id":8879,"href":"https:\/\/aboubusinesscompany.com\/index.php?rest_route=\/wp\/v2\/product\/8698\/revisions\/8879"}],"wp:featuredmedia":[{"embeddable":true,"href":"https:\/\/aboubusinesscompany.com\/index.php?rest_route=\/wp\/v2\/media\/8880"}],"wp:attachment":[{"href":"https:\/\/aboubusinesscompany.com\/index.php?rest_route=%2Fwp%2Fv2%2Fmedia&parent=8698"}],"wp:term":[{"taxonomy":"product_brand","embeddable":true,"href":"https:\/\/aboubusinesscompany.com\/index.php?rest_route=%2Fwp%2Fv2%2Fproduct_brand&post=8698"},{"taxonomy":"product_cat","embeddable":true,"href":"https:\/\/aboubusinesscompany.com\/index.php?rest_route=%2Fwp%2Fv2%2Fproduct_cat&post=8698"},{"taxonomy":"product_tag","embeddable":true,"href":"https:\/\/aboubusinesscompany.com\/index.php?rest_route=%2Fwp%2Fv2%2Fproduct_tag&post=8698"}],"curies":[{"name":"wp","href":"https:\/\/api.w.org\/{rel}","templated":true}]}}