{"id":8733,"date":"2025-08-07T21:32:53","date_gmt":"2025-08-07T19:32:53","guid":{"rendered":"https:\/\/aboubusinesscompany.com\/?product=loup-garou-2"},"modified":"2025-09-01T06:29:17","modified_gmt":"2025-09-01T04:29:17","slug":"loup-garou-2","status":"publish","type":"product","link":"https:\/\/aboubusinesscompany.com\/?product=loup-garou-2","title":{"rendered":"loup garou"},"content":{"rendered":"<p>The One Night Ultimate Werewolf est un jeu de soci\u00e9t\u00e9 palpitant et rythm\u00e9 qui vous offre le frisson de l&rsquo;adr\u00e9naline et de la d\u00e9duction. Chaque joueur se voit attribuer un r\u00f4le secret dot\u00e9 de capacit\u00e9s sp\u00e9ciales et doit r\u00e9v\u00e9ler le loup qui sommeille en lui dans l&rsquo;obscurit\u00e9. Ce jeu sans courbes dure environ 10 minutes pour acc\u00e9l\u00e9rer le rythme, vous permettant ainsi de profiter d&rsquo;un gameplay rapide et rythm\u00e9.<\/p>\n","protected":false},"excerpt":{"rendered":"<p>The One Night Ultimate Werewolf est un jeu de soci\u00e9t\u00e9 palpitant et rythm\u00e9 qui vous offre le frisson de l&rsquo;adr\u00e9naline et de la d\u00e9duction. Chaque joueur se voit attribuer un r\u00f4le secret dot\u00e9 de capacit\u00e9s sp\u00e9ciales et doit r\u00e9v\u00e9ler le loup qui sommeille en lui dans l&rsquo;obscurit\u00e9. Ce jeu sans courbes dure environ 10 minutes &hellip; <br \/><a href=\"https:\/\/aboubusinesscompany.com\/?product=loup-garou-2\" class=\"more-link\">Continue reading <span class=\"screen-reader-text\">loup garou<\/span><\/a><\/p>\n","protected":false},"featured_media":8732,"comment_status":"open","ping_status":"closed","template":"","meta":[],"product_brand":[],"product_cat":[297],"product_tag":[],"class_list":{"0":"post-8733","1":"product","2":"type-product","3":"status-publish","4":"has-post-thumbnail","6":"product_cat-divers","8":"first","9":"instock","10":"sale","11":"purchasable","12":"product-type-simple"},"jetpack_sharing_enabled":true,"_links":{"self":[{"href":"https:\/\/aboubusinesscompany.com\/index.php?rest_route=\/wp\/v2\/product\/8733","targetHints":{"allow":["GET"]}}],"collection":[{"href":"https:\/\/aboubusinesscompany.com\/index.php?rest_route=\/wp\/v2\/product"}],"about":[{"href":"https:\/\/aboubusinesscompany.com\/index.php?rest_route=\/wp\/v2\/types\/product"}],"replies":[{"embeddable":true,"href":"https:\/\/aboubusinesscompany.com\/index.php?rest_route=%2Fwp%2Fv2%2Fcomments&post=8733"}],"version-history":[{"count":0,"href":"https:\/\/aboubusinesscompany.com\/index.php?rest_route=\/wp\/v2\/product\/8733\/revisions"}],"wp:featuredmedia":[{"embeddable":true,"href":"https:\/\/aboubusinesscompany.com\/index.php?rest_route=\/wp\/v2\/media\/8732"}],"wp:attachment":[{"href":"https:\/\/aboubusinesscompany.com\/index.php?rest_route=%2Fwp%2Fv2%2Fmedia&parent=8733"}],"wp:term":[{"taxonomy":"product_brand","embeddable":true,"href":"https:\/\/aboubusinesscompany.com\/index.php?rest_route=%2Fwp%2Fv2%2Fproduct_brand&post=8733"},{"taxonomy":"product_cat","embeddable":true,"href":"https:\/\/aboubusinesscompany.com\/index.php?rest_route=%2Fwp%2Fv2%2Fproduct_cat&post=8733"},{"taxonomy":"product_tag","embeddable":true,"href":"https:\/\/aboubusinesscompany.com\/index.php?rest_route=%2Fwp%2Fv2%2Fproduct_tag&post=8733"}],"curies":[{"name":"wp","href":"https:\/\/api.w.org\/{rel}","templated":true}]}}