{"id":8748,"date":"2025-08-12T12:31:01","date_gmt":"2025-08-12T10:31:01","guid":{"rendered":"https:\/\/aboubusinesscompany.com\/?product=jus-casamancaise-mangue-madd"},"modified":"2026-02-27T22:42:13","modified_gmt":"2026-02-27T21:42:13","slug":"jus-casamancaise-mangue-madd","status":"publish","type":"product","link":"https:\/\/aboubusinesscompany.com\/?product=jus-casamancaise-mangue-madd","title":{"rendered":"Casaman\u00e7aise mangue-madd (1L)"},"content":{"rendered":"<p>Laisse-toi emporter par l\u2019alliance exotique du madd et de la mangue dans ce nectar intens\u00e9ment fruit\u00e9. Un pur moment de fra\u00eecheur locale, \u00e9labor\u00e9 avec des fruits soigneusement s\u00e9lectionn\u00e9s en Casamance<\/p>\n","protected":false},"excerpt":{"rendered":"<p>Laisse-toi emporter par l\u2019alliance exotique du madd et de la mangue dans ce nectar intens\u00e9ment fruit\u00e9. Un pur moment de fra\u00eecheur locale, \u00e9labor\u00e9 avec des fruits soigneusement s\u00e9lectionn\u00e9s en Casamance<\/p>\n","protected":false},"featured_media":8747,"comment_status":"open","ping_status":"closed","template":"","meta":[],"product_brand":[],"product_cat":[292],"product_tag":[],"class_list":{"0":"post-8748","1":"product","2":"type-product","3":"status-publish","4":"has-post-thumbnail","6":"product_cat-agro-alimentaire","8":"first","9":"instock","10":"sale","11":"purchasable","12":"product-type-simple"},"jetpack_sharing_enabled":true,"_links":{"self":[{"href":"https:\/\/aboubusinesscompany.com\/index.php?rest_route=\/wp\/v2\/product\/8748","targetHints":{"allow":["GET"]}}],"collection":[{"href":"https:\/\/aboubusinesscompany.com\/index.php?rest_route=\/wp\/v2\/product"}],"about":[{"href":"https:\/\/aboubusinesscompany.com\/index.php?rest_route=\/wp\/v2\/types\/product"}],"replies":[{"embeddable":true,"href":"https:\/\/aboubusinesscompany.com\/index.php?rest_route=%2Fwp%2Fv2%2Fcomments&post=8748"}],"version-history":[{"count":1,"href":"https:\/\/aboubusinesscompany.com\/index.php?rest_route=\/wp\/v2\/product\/8748\/revisions"}],"predecessor-version":[{"id":8756,"href":"https:\/\/aboubusinesscompany.com\/index.php?rest_route=\/wp\/v2\/product\/8748\/revisions\/8756"}],"wp:featuredmedia":[{"embeddable":true,"href":"https:\/\/aboubusinesscompany.com\/index.php?rest_route=\/wp\/v2\/media\/8747"}],"wp:attachment":[{"href":"https:\/\/aboubusinesscompany.com\/index.php?rest_route=%2Fwp%2Fv2%2Fmedia&parent=8748"}],"wp:term":[{"taxonomy":"product_brand","embeddable":true,"href":"https:\/\/aboubusinesscompany.com\/index.php?rest_route=%2Fwp%2Fv2%2Fproduct_brand&post=8748"},{"taxonomy":"product_cat","embeddable":true,"href":"https:\/\/aboubusinesscompany.com\/index.php?rest_route=%2Fwp%2Fv2%2Fproduct_cat&post=8748"},{"taxonomy":"product_tag","embeddable":true,"href":"https:\/\/aboubusinesscompany.com\/index.php?rest_route=%2Fwp%2Fv2%2Fproduct_tag&post=8748"}],"curies":[{"name":"wp","href":"https:\/\/api.w.org\/{rel}","templated":true}]}}