{"id":8827,"date":"2025-10-28T22:34:33","date_gmt":"2025-10-28T21:34:33","guid":{"rendered":"https:\/\/aboubusinesscompany.com\/?product=dubai-chocolat-cotton-candy"},"modified":"2025-12-10T21:12:23","modified_gmt":"2025-12-10T20:12:23","slug":"dubai-chocolat-cotton-candy","status":"publish","type":"product","link":"https:\/\/aboubusinesscompany.com\/?product=dubai-chocolat-cotton-candy","title":{"rendered":"Duba\u00ef Chocolat Cotton Candy"},"content":{"rendered":"<p>Plongez dans un univers sucr\u00e9 et raffin\u00e9 avec le chocolat Duba\u00ef Cotton Candy, une cr\u00e9ation unique qui marie le go\u00fbt d\u00e9licat du chocolat de luxe \u00e0 la l\u00e9g\u00e8ret\u00e9 de la barbe \u00e0 papa.<\/p>\n<p>Chaque bouch\u00e9e est une explosion de douceur, alliant fondant, croquant et saveur a\u00e9rienne pour une exp\u00e9rience gustative hors du commun. Inspir\u00e9 par l\u2019\u00e9l\u00e9gance et l\u2019innovation culinaire de Duba\u00ef, ce chocolat s\u00e9duit par son originalit\u00e9 et son raffinement.<\/p>\n<p>Parfait pour les amateurs de nouveaut\u00e9s et les passionn\u00e9s de douceurs, le Cotton Candy Duba\u00ef est le cadeau id\u00e9al ou la pause plaisir parfaite \u00e0 savourer \u00e0 tout moment.<\/p>\n<p>\u2728 Un go\u00fbt magique, un design luxueux, une exp\u00e9rience inoubliable.<\/p>\n<p>Disponible exclusivement chez Abou Business Company.<\/p>\n","protected":false},"excerpt":{"rendered":"<p>Plongez dans un univers sucr\u00e9 et raffin\u00e9 avec le chocolat Duba\u00ef Cotton Candy, une cr\u00e9ation unique qui marie le go\u00fbt d\u00e9licat du chocolat de luxe \u00e0 la l\u00e9g\u00e8ret\u00e9 de la barbe \u00e0 papa. Chaque bouch\u00e9e est une explosion de douceur, alliant fondant, croquant et saveur a\u00e9rienne pour une exp\u00e9rience gustative hors du commun. Inspir\u00e9 par &hellip; <br \/><a href=\"https:\/\/aboubusinesscompany.com\/?product=dubai-chocolat-cotton-candy\" class=\"more-link\">Continue reading <span class=\"screen-reader-text\">Duba\u00ef Chocolat Cotton Candy<\/span><\/a><\/p>\n","protected":false},"featured_media":8826,"comment_status":"open","ping_status":"closed","template":"","meta":[],"product_brand":[],"product_cat":[292],"product_tag":[],"class_list":{"0":"post-8827","1":"product","2":"type-product","3":"status-publish","4":"has-post-thumbnail","6":"product_cat-agro-alimentaire","8":"first","9":"instock","10":"sale","11":"shipping-taxable","12":"purchasable","13":"product-type-simple"},"jetpack_sharing_enabled":true,"_links":{"self":[{"href":"https:\/\/aboubusinesscompany.com\/index.php?rest_route=\/wp\/v2\/product\/8827","targetHints":{"allow":["GET"]}}],"collection":[{"href":"https:\/\/aboubusinesscompany.com\/index.php?rest_route=\/wp\/v2\/product"}],"about":[{"href":"https:\/\/aboubusinesscompany.com\/index.php?rest_route=\/wp\/v2\/types\/product"}],"replies":[{"embeddable":true,"href":"https:\/\/aboubusinesscompany.com\/index.php?rest_route=%2Fwp%2Fv2%2Fcomments&post=8827"}],"version-history":[{"count":0,"href":"https:\/\/aboubusinesscompany.com\/index.php?rest_route=\/wp\/v2\/product\/8827\/revisions"}],"wp:featuredmedia":[{"embeddable":true,"href":"https:\/\/aboubusinesscompany.com\/index.php?rest_route=\/wp\/v2\/media\/8826"}],"wp:attachment":[{"href":"https:\/\/aboubusinesscompany.com\/index.php?rest_route=%2Fwp%2Fv2%2Fmedia&parent=8827"}],"wp:term":[{"taxonomy":"product_brand","embeddable":true,"href":"https:\/\/aboubusinesscompany.com\/index.php?rest_route=%2Fwp%2Fv2%2Fproduct_brand&post=8827"},{"taxonomy":"product_cat","embeddable":true,"href":"https:\/\/aboubusinesscompany.com\/index.php?rest_route=%2Fwp%2Fv2%2Fproduct_cat&post=8827"},{"taxonomy":"product_tag","embeddable":true,"href":"https:\/\/aboubusinesscompany.com\/index.php?rest_route=%2Fwp%2Fv2%2Fproduct_tag&post=8827"}],"curies":[{"name":"wp","href":"https:\/\/api.w.org\/{rel}","templated":true}]}}