{"id":8847,"date":"2025-11-14T20:10:42","date_gmt":"2025-11-14T19:10:42","guid":{"rendered":"https:\/\/aboubusinesscompany.com\/?product=maillot-senegal"},"modified":"2026-02-05T00:30:18","modified_gmt":"2026-02-04T23:30:18","slug":"maillot-senegal","status":"publish","type":"product","link":"https:\/\/aboubusinesscompany.com\/?product=maillot-senegal","title":{"rendered":"Maillot Senegal"},"content":{"rendered":"<p>Sp\u00e9cial Supporter \u00bb<\/p>\n<p>Maillots S\u00e9n\u00e9gal<\/p>\n<p>Livraison gratuite !<\/p>\n<p>Par : Abou Business Company<\/p>\n<p>Commandez maintenant et soutenez les Lions !<\/p>\n<p>Taille : S | M | L | XL<\/p>\n<p>Livraison directe \u00e0 Dakar et partout au S\u00e9n\u00e9gal<\/p>\n","protected":false},"excerpt":{"rendered":"<p>Sp\u00e9cial Supporter \u00bb Maillots S\u00e9n\u00e9gal Livraison gratuite ! Par : Abou Business Company Commandez maintenant et soutenez les Lions ! Taille : S | M | L | XL Livraison directe \u00e0 Dakar et partout au S\u00e9n\u00e9gal<\/p>\n","protected":false},"featured_media":8846,"comment_status":"open","ping_status":"closed","template":"","meta":[],"product_brand":[],"product_cat":[297],"product_tag":[],"class_list":{"0":"post-8847","1":"product","2":"type-product","3":"status-publish","4":"has-post-thumbnail","6":"product_cat-divers","8":"first","9":"instock","10":"sale","11":"shipping-taxable","12":"purchasable","13":"product-type-simple"},"jetpack_sharing_enabled":true,"_links":{"self":[{"href":"https:\/\/aboubusinesscompany.com\/index.php?rest_route=\/wp\/v2\/product\/8847","targetHints":{"allow":["GET"]}}],"collection":[{"href":"https:\/\/aboubusinesscompany.com\/index.php?rest_route=\/wp\/v2\/product"}],"about":[{"href":"https:\/\/aboubusinesscompany.com\/index.php?rest_route=\/wp\/v2\/types\/product"}],"replies":[{"embeddable":true,"href":"https:\/\/aboubusinesscompany.com\/index.php?rest_route=%2Fwp%2Fv2%2Fcomments&post=8847"}],"version-history":[{"count":0,"href":"https:\/\/aboubusinesscompany.com\/index.php?rest_route=\/wp\/v2\/product\/8847\/revisions"}],"wp:featuredmedia":[{"embeddable":true,"href":"https:\/\/aboubusinesscompany.com\/index.php?rest_route=\/wp\/v2\/media\/8846"}],"wp:attachment":[{"href":"https:\/\/aboubusinesscompany.com\/index.php?rest_route=%2Fwp%2Fv2%2Fmedia&parent=8847"}],"wp:term":[{"taxonomy":"product_brand","embeddable":true,"href":"https:\/\/aboubusinesscompany.com\/index.php?rest_route=%2Fwp%2Fv2%2Fproduct_brand&post=8847"},{"taxonomy":"product_cat","embeddable":true,"href":"https:\/\/aboubusinesscompany.com\/index.php?rest_route=%2Fwp%2Fv2%2Fproduct_cat&post=8847"},{"taxonomy":"product_tag","embeddable":true,"href":"https:\/\/aboubusinesscompany.com\/index.php?rest_route=%2Fwp%2Fv2%2Fproduct_tag&post=8847"}],"curies":[{"name":"wp","href":"https:\/\/api.w.org\/{rel}","templated":true}]}}